{"id":904,"date":"2024-02-01T13:53:31","date_gmt":"2024-02-01T12:53:31","guid":{"rendered":"https:\/\/pfipolska.tech\/index.php\/contact-4\/"},"modified":"2025-12-04T10:39:46","modified_gmt":"2025-12-04T09:39:46","slug":"contact-us","status":"publish","type":"page","link":"https:\/\/pfipolska.tech\/index.php\/contact-us\/","title":{"rendered":"Skontaktuj si\u0119 z nami"},"content":{"rendered":"\n<div class=\"wp-block-cover alignfull is-light\" style=\"min-height:600px;aspect-ratio:unset;\"><img decoding=\"async\" class=\"wp-block-cover__image-background wp-image-417\" alt=\"\" src=\"https:\/\/api.themeisle.com\/templates-data\/2021\/05\/ebf0233ced7259cf0838b7ba6d3aee07ezevh832ab92ox4xft0j\/images\/neve-patterns-18.jpg\" data-object-fit=\"cover\"\/><span aria-hidden=\"true\" class=\"wp-block-cover__background has-neve-link-color-background-color has-background-dim-80 has-background-dim\"><\/span><div class=\"wp-block-cover__inner-container is-layout-flow wp-block-cover-is-layout-flow\">\n<div style=\"height:80px\" aria-hidden=\"true\" class=\"wp-block-spacer\"><\/div>\n\n\n\n<h1 class=\"wp-block-heading has-text-align-center has-nv-text-dark-bg-color has-text-color\">Pozosta\u0144 w kontakcie<\/h1>\n\n\n\n<p class=\"has-text-align-center has-nv-text-dark-bg-color has-text-color\">Zacznijmy rozmow\u0119 ju\u017c dzi\u015b \u2013 Tw\u00f3j projekt nie musi by\u0107 gotowy, aby\u015bmy mogli pom\u00f3c Ci kszta\u0142towa\u0107 jego przysz\u0142o\u015b\u0107!<\/p>\n\n\n\n<div style=\"height:20px\" aria-hidden=\"true\" class=\"wp-block-spacer\"><\/div>\n\n\n\n<ul class=\"wp-block-social-links aligncenter is-style-pill-shape is-layout-flex wp-block-social-links-is-layout-flex\"><li class=\"wp-social-link wp-social-link-twitch  wp-block-social-link\"><a href=\"#\" class=\"wp-block-social-link-anchor\"><svg width=\"24\" height=\"24\" viewBox=\"0 0 24 24\" version=\"1.1\" xmlns=\"http:\/\/www.w3.org\/2000\/svg\" aria-hidden=\"true\" focusable=\"false\"><path d=\"M16.499,8.089h-1.636v4.91h1.636V8.089z M12,8.089h-1.637v4.91H12V8.089z M4.228,3.178L3,6.451v13.092h4.499V22h2.456 l2.454-2.456h3.681L21,14.636V3.178H4.228z M19.364,13.816l-2.864,2.865H12l-2.453,2.453V16.68H5.863V4.814h13.501V13.816z\"><\/path><\/svg><span class=\"wp-block-social-link-label screen-reader-text\">Twitch<\/span><\/a><\/li>\n\n<li class=\"wp-social-link wp-social-link-medium  wp-block-social-link\"><a href=\"#\" class=\"wp-block-social-link-anchor\"><svg width=\"24\" height=\"24\" viewBox=\"0 0 24 24\" version=\"1.1\" xmlns=\"http:\/\/www.w3.org\/2000\/svg\" aria-hidden=\"true\" focusable=\"false\"><path d=\"M13.2,12c0,3-2.4,5.4-5.3,5.4S2.6,15,2.6,12s2.4-5.4,5.3-5.4S13.2,9,13.2,12 M19.1,12c0,2.8-1.2,5-2.7,5s-2.7-2.3-2.7-5s1.2-5,2.7-5C17.9,7,19.1,9.2,19.1,12 M21.4,12c0,2.5-0.4,4.5-0.9,4.5c-0.5,0-0.9-2-0.9-4.5s0.4-4.5,0.9-4.5C21,7.5,21.4,9.5,21.4,12\"><\/path><\/svg><span class=\"wp-block-social-link-label screen-reader-text\">Medium<\/span><\/a><\/li>\n\n<li class=\"wp-social-link wp-social-link-google  wp-block-social-link\"><a href=\"#\" class=\"wp-block-social-link-anchor\"><svg width=\"24\" height=\"24\" viewBox=\"0 0 24 24\" version=\"1.1\" xmlns=\"http:\/\/www.w3.org\/2000\/svg\" aria-hidden=\"true\" focusable=\"false\"><path d=\"M12.02,10.18v3.72v0.01h5.51c-0.26,1.57-1.67,4.22-5.5,4.22c-3.31,0-6.01-2.75-6.01-6.12s2.7-6.12,6.01-6.12 c1.87,0,3.13,0.8,3.85,1.48l2.84-2.76C16.99,2.99,14.73,2,12.03,2c-5.52,0-10,4.48-10,10s4.48,10,10,10c5.77,0,9.6-4.06,9.6-9.77 c0-0.83-0.11-1.42-0.25-2.05H12.02z\"><\/path><\/svg><span class=\"wp-block-social-link-label screen-reader-text\">Google<\/span><\/a><\/li><\/ul>\n\n\n\n<div style=\"height:80px\" aria-hidden=\"true\" class=\"wp-block-spacer\"><\/div>\n<\/div><\/div>\n\n\n\n<div class=\"wp-block-cover alignfull is-light\" style=\"min-height:200px;aspect-ratio:unset;\"><span aria-hidden=\"true\" class=\"wp-block-cover__background has-nv-site-bg-background-color has-background-dim-100 has-background-dim\"><\/span><div class=\"wp-block-cover__inner-container is-layout-flow wp-block-cover-is-layout-flow\">\n<div style=\"height:120px\" aria-hidden=\"true\" class=\"wp-block-spacer\"><\/div>\n\n\n\n<div class=\"wp-block-columns is-layout-flex wp-container-core-columns-is-layout-9d6595d7 wp-block-columns-is-layout-flex\">\n<div class=\"wp-block-column is-vertically-aligned-center is-layout-flow wp-block-column-is-layout-flow\" style=\"flex-basis:50%\">\n<h2 class=\"wp-block-heading has-text-align-left has-neve-text-color-color has-text-color\">Gdzie nas znajdziesz?<\/h2>\n\n\n\n<div style=\"height:20px\" aria-hidden=\"true\" class=\"wp-block-spacer\"><\/div>\n\n\n\n<h3 class=\"wp-block-heading has-neve-text-color-color has-text-color\">Warszawa, Polska<\/h3>\n\n\n\n<p class=\"has-neve-text-color-color has-text-color\">ul. Kijowska 5 | 03-738 Warszawa<br>Tel. +48 22 241 46 74 | biuro@pfipolska.tech<\/p>\n\n\n\n<div style=\"height:20px\" aria-hidden=\"true\" class=\"wp-block-spacer\"><\/div>\n<\/div>\n\n\n\n<div class=\"wp-block-column is-layout-flow wp-block-column-is-layout-flow\" style=\"flex-basis:50%\">\n<figure class=\"wp-block-image size-large\"><img loading=\"lazy\" decoding=\"async\" width=\"1024\" height=\"936\" src=\"https:\/\/pfipolska.tech\/wp-content\/uploads\/2022\/01\/PFI-Siedziba-1024x936.jpg\" alt=\"\" class=\"wp-image-679\" srcset=\"https:\/\/pfipolska.tech\/wp-content\/uploads\/2022\/01\/PFI-Siedziba-1024x936.jpg 1024w, https:\/\/pfipolska.tech\/wp-content\/uploads\/2022\/01\/PFI-Siedziba-300x274.jpg 300w, https:\/\/pfipolska.tech\/wp-content\/uploads\/2022\/01\/PFI-Siedziba-768x702.jpg 768w, https:\/\/pfipolska.tech\/wp-content\/uploads\/2022\/01\/PFI-Siedziba.jpg 1098w\" sizes=\"auto, (max-width: 1024px) 100vw, 1024px\" \/><\/figure>\n<\/div>\n<\/div>\n\n\n\n<div style=\"height:80px\" aria-hidden=\"true\" class=\"wp-block-spacer\"><\/div>\n<\/div><\/div>\n\n\n\n<div class=\"wp-block-cover alignfull is-light\" style=\"min-height:500px;aspect-ratio:unset;\"><img loading=\"lazy\" decoding=\"async\" width=\"2120\" height=\"633\" class=\"wp-block-cover__image-background wp-image-986 size-full\" alt=\"\" src=\"https:\/\/pfipolska.tech\/wp-content\/uploads\/2025\/12\/Zrzut-ekranu-2025-12-04-103648.png\" style=\"object-position:48% 41%\" data-object-fit=\"cover\" data-object-position=\"48% 41%\" srcset=\"https:\/\/pfipolska.tech\/wp-content\/uploads\/2025\/12\/Zrzut-ekranu-2025-12-04-103648.png 2120w, https:\/\/pfipolska.tech\/wp-content\/uploads\/2025\/12\/Zrzut-ekranu-2025-12-04-103648-300x90.png 300w, https:\/\/pfipolska.tech\/wp-content\/uploads\/2025\/12\/Zrzut-ekranu-2025-12-04-103648-1024x306.png 1024w, https:\/\/pfipolska.tech\/wp-content\/uploads\/2025\/12\/Zrzut-ekranu-2025-12-04-103648-768x229.png 768w, https:\/\/pfipolska.tech\/wp-content\/uploads\/2025\/12\/Zrzut-ekranu-2025-12-04-103648-1536x459.png 1536w, https:\/\/pfipolska.tech\/wp-content\/uploads\/2025\/12\/Zrzut-ekranu-2025-12-04-103648-2048x612.png 2048w\" sizes=\"auto, (max-width: 2120px) 100vw, 2120px\" \/><span aria-hidden=\"true\" class=\"wp-block-cover__background has-nv-dark-bg-background-color has-background-dim-0 has-background-dim\"><\/span><div class=\"wp-block-cover__inner-container is-layout-flow wp-block-cover-is-layout-flow\">\n<div style=\"height:140px\" aria-hidden=\"true\" class=\"wp-block-spacer\"><\/div>\n<\/div><\/div>\n","protected":false},"excerpt":{"rendered":"","protected":false},"author":2,"featured_media":0,"parent":0,"menu_order":0,"comment_status":"closed","ping_status":"closed","template":"","meta":{"neve_meta_sidebar":"full-width","neve_meta_container":"contained","neve_meta_enable_content_width":"on","neve_meta_content_width":100,"neve_meta_title_alignment":"","neve_meta_author_avatar":"","neve_post_elements_order":"","neve_meta_disable_header":"","neve_meta_disable_footer":"","neve_meta_disable_title":"on","_themeisle_gutenberg_block_has_review":false,"footnotes":""},"class_list":["post-904","page","type-page","status-publish","hentry"],"yoast_head":"<!-- This site is optimized with the Yoast SEO plugin v27.6 - https:\/\/yoast.com\/product\/yoast-seo-wordpress\/ -->\n<title>Skontaktuj si\u0119 z nami - PFI Polska<\/title>\n<meta name=\"robots\" content=\"index, follow, max-snippet:-1, max-image-preview:large, max-video-preview:-1\" \/>\n<link rel=\"canonical\" href=\"https:\/\/pfipolska.tech\/index.php\/contact-us\/\" \/>\n<meta property=\"og:locale\" content=\"pl_PL\" \/>\n<meta property=\"og:type\" content=\"article\" \/>\n<meta property=\"og:title\" content=\"Skontaktuj si\u0119 z nami - PFI Polska\" \/>\n<meta property=\"og:url\" content=\"https:\/\/pfipolska.tech\/index.php\/contact-us\/\" \/>\n<meta property=\"og:site_name\" content=\"PFI Polska\" \/>\n<meta property=\"article:modified_time\" content=\"2025-12-04T09:39:46+00:00\" \/>\n<meta name=\"twitter:card\" content=\"summary_large_image\" \/>\n<meta name=\"twitter:label1\" content=\"Szacowany czas czytania\" \/>\n\t<meta name=\"twitter:data1\" content=\"1 minuta\" \/>\n<script type=\"application\/ld+json\" class=\"yoast-schema-graph\">{\"@context\":\"https:\\\/\\\/schema.org\",\"@graph\":[{\"@type\":\"WebPage\",\"@id\":\"https:\\\/\\\/pfipolska.tech\\\/index.php\\\/contact-us\\\/\",\"url\":\"https:\\\/\\\/pfipolska.tech\\\/index.php\\\/contact-us\\\/\",\"name\":\"Skontaktuj si\u0119 z nami - PFI Polska\",\"isPartOf\":{\"@id\":\"https:\\\/\\\/pfipolska.tech\\\/#website\"},\"primaryImageOfPage\":{\"@id\":\"https:\\\/\\\/pfipolska.tech\\\/index.php\\\/contact-us\\\/#primaryimage\"},\"image\":{\"@id\":\"https:\\\/\\\/pfipolska.tech\\\/index.php\\\/contact-us\\\/#primaryimage\"},\"thumbnailUrl\":\"https:\\\/\\\/api.themeisle.com\\\/templates-data\\\/2021\\\/05\\\/ebf0233ced7259cf0838b7ba6d3aee07ezevh832ab92ox4xft0j\\\/images\\\/neve-patterns-18.jpg\",\"datePublished\":\"2024-02-01T12:53:31+00:00\",\"dateModified\":\"2025-12-04T09:39:46+00:00\",\"breadcrumb\":{\"@id\":\"https:\\\/\\\/pfipolska.tech\\\/index.php\\\/contact-us\\\/#breadcrumb\"},\"inLanguage\":\"pl-PL\",\"potentialAction\":[{\"@type\":\"ReadAction\",\"target\":[\"https:\\\/\\\/pfipolska.tech\\\/index.php\\\/contact-us\\\/\"]}]},{\"@type\":\"ImageObject\",\"inLanguage\":\"pl-PL\",\"@id\":\"https:\\\/\\\/pfipolska.tech\\\/index.php\\\/contact-us\\\/#primaryimage\",\"url\":\"https:\\\/\\\/api.themeisle.com\\\/templates-data\\\/2021\\\/05\\\/ebf0233ced7259cf0838b7ba6d3aee07ezevh832ab92ox4xft0j\\\/images\\\/neve-patterns-18.jpg\",\"contentUrl\":\"https:\\\/\\\/api.themeisle.com\\\/templates-data\\\/2021\\\/05\\\/ebf0233ced7259cf0838b7ba6d3aee07ezevh832ab92ox4xft0j\\\/images\\\/neve-patterns-18.jpg\"},{\"@type\":\"BreadcrumbList\",\"@id\":\"https:\\\/\\\/pfipolska.tech\\\/index.php\\\/contact-us\\\/#breadcrumb\",\"itemListElement\":[{\"@type\":\"ListItem\",\"position\":1,\"name\":\"Strona g\u0142\u00f3wna\",\"item\":\"https:\\\/\\\/pfipolska.tech\\\/\"},{\"@type\":\"ListItem\",\"position\":2,\"name\":\"Skontaktuj si\u0119 z nami\"}]},{\"@type\":\"WebSite\",\"@id\":\"https:\\\/\\\/pfipolska.tech\\\/#website\",\"url\":\"https:\\\/\\\/pfipolska.tech\\\/\",\"name\":\"PFI Polska\",\"description\":\"Kolejna witryna oparta na WordPressie\",\"publisher\":{\"@id\":\"https:\\\/\\\/pfipolska.tech\\\/#organization\"},\"alternateName\":\"PFI\",\"potentialAction\":[{\"@type\":\"SearchAction\",\"target\":{\"@type\":\"EntryPoint\",\"urlTemplate\":\"https:\\\/\\\/pfipolska.tech\\\/?s={search_term_string}\"},\"query-input\":{\"@type\":\"PropertyValueSpecification\",\"valueRequired\":true,\"valueName\":\"search_term_string\"}}],\"inLanguage\":\"pl-PL\"},{\"@type\":\"Organization\",\"@id\":\"https:\\\/\\\/pfipolska.tech\\\/#organization\",\"name\":\"PFI POLSKA\",\"alternateName\":\"PFI\",\"url\":\"https:\\\/\\\/pfipolska.tech\\\/\",\"logo\":{\"@type\":\"ImageObject\",\"inLanguage\":\"pl-PL\",\"@id\":\"https:\\\/\\\/pfipolska.tech\\\/#\\\/schema\\\/logo\\\/image\\\/\",\"url\":\"https:\\\/\\\/pfipolska.tech\\\/wp-content\\\/uploads\\\/2021\\\/12\\\/cropped-cropped-kolorLogo-1000x1000-1.png\",\"contentUrl\":\"https:\\\/\\\/pfipolska.tech\\\/wp-content\\\/uploads\\\/2021\\\/12\\\/cropped-cropped-kolorLogo-1000x1000-1.png\",\"width\":512,\"height\":512,\"caption\":\"PFI POLSKA\"},\"image\":{\"@id\":\"https:\\\/\\\/pfipolska.tech\\\/#\\\/schema\\\/logo\\\/image\\\/\"}}]}<\/script>\n<!-- \/ Yoast SEO plugin. -->","yoast_head_json":{"title":"Skontaktuj si\u0119 z nami - PFI Polska","robots":{"index":"index","follow":"follow","max-snippet":"max-snippet:-1","max-image-preview":"max-image-preview:large","max-video-preview":"max-video-preview:-1"},"canonical":"https:\/\/pfipolska.tech\/index.php\/contact-us\/","og_locale":"pl_PL","og_type":"article","og_title":"Skontaktuj si\u0119 z nami - PFI Polska","og_url":"https:\/\/pfipolska.tech\/index.php\/contact-us\/","og_site_name":"PFI Polska","article_modified_time":"2025-12-04T09:39:46+00:00","twitter_card":"summary_large_image","twitter_misc":{"Szacowany czas czytania":"1 minuta"},"schema":{"@context":"https:\/\/schema.org","@graph":[{"@type":"WebPage","@id":"https:\/\/pfipolska.tech\/index.php\/contact-us\/","url":"https:\/\/pfipolska.tech\/index.php\/contact-us\/","name":"Skontaktuj si\u0119 z nami - PFI Polska","isPartOf":{"@id":"https:\/\/pfipolska.tech\/#website"},"primaryImageOfPage":{"@id":"https:\/\/pfipolska.tech\/index.php\/contact-us\/#primaryimage"},"image":{"@id":"https:\/\/pfipolska.tech\/index.php\/contact-us\/#primaryimage"},"thumbnailUrl":"https:\/\/api.themeisle.com\/templates-data\/2021\/05\/ebf0233ced7259cf0838b7ba6d3aee07ezevh832ab92ox4xft0j\/images\/neve-patterns-18.jpg","datePublished":"2024-02-01T12:53:31+00:00","dateModified":"2025-12-04T09:39:46+00:00","breadcrumb":{"@id":"https:\/\/pfipolska.tech\/index.php\/contact-us\/#breadcrumb"},"inLanguage":"pl-PL","potentialAction":[{"@type":"ReadAction","target":["https:\/\/pfipolska.tech\/index.php\/contact-us\/"]}]},{"@type":"ImageObject","inLanguage":"pl-PL","@id":"https:\/\/pfipolska.tech\/index.php\/contact-us\/#primaryimage","url":"https:\/\/api.themeisle.com\/templates-data\/2021\/05\/ebf0233ced7259cf0838b7ba6d3aee07ezevh832ab92ox4xft0j\/images\/neve-patterns-18.jpg","contentUrl":"https:\/\/api.themeisle.com\/templates-data\/2021\/05\/ebf0233ced7259cf0838b7ba6d3aee07ezevh832ab92ox4xft0j\/images\/neve-patterns-18.jpg"},{"@type":"BreadcrumbList","@id":"https:\/\/pfipolska.tech\/index.php\/contact-us\/#breadcrumb","itemListElement":[{"@type":"ListItem","position":1,"name":"Strona g\u0142\u00f3wna","item":"https:\/\/pfipolska.tech\/"},{"@type":"ListItem","position":2,"name":"Skontaktuj si\u0119 z nami"}]},{"@type":"WebSite","@id":"https:\/\/pfipolska.tech\/#website","url":"https:\/\/pfipolska.tech\/","name":"PFI Polska","description":"Kolejna witryna oparta na WordPressie","publisher":{"@id":"https:\/\/pfipolska.tech\/#organization"},"alternateName":"PFI","potentialAction":[{"@type":"SearchAction","target":{"@type":"EntryPoint","urlTemplate":"https:\/\/pfipolska.tech\/?s={search_term_string}"},"query-input":{"@type":"PropertyValueSpecification","valueRequired":true,"valueName":"search_term_string"}}],"inLanguage":"pl-PL"},{"@type":"Organization","@id":"https:\/\/pfipolska.tech\/#organization","name":"PFI POLSKA","alternateName":"PFI","url":"https:\/\/pfipolska.tech\/","logo":{"@type":"ImageObject","inLanguage":"pl-PL","@id":"https:\/\/pfipolska.tech\/#\/schema\/logo\/image\/","url":"https:\/\/pfipolska.tech\/wp-content\/uploads\/2021\/12\/cropped-cropped-kolorLogo-1000x1000-1.png","contentUrl":"https:\/\/pfipolska.tech\/wp-content\/uploads\/2021\/12\/cropped-cropped-kolorLogo-1000x1000-1.png","width":512,"height":512,"caption":"PFI POLSKA"},"image":{"@id":"https:\/\/pfipolska.tech\/#\/schema\/logo\/image\/"}}]}},"_links":{"self":[{"href":"https:\/\/pfipolska.tech\/index.php\/wp-json\/wp\/v2\/pages\/904","targetHints":{"allow":["GET"]}}],"collection":[{"href":"https:\/\/pfipolska.tech\/index.php\/wp-json\/wp\/v2\/pages"}],"about":[{"href":"https:\/\/pfipolska.tech\/index.php\/wp-json\/wp\/v2\/types\/page"}],"author":[{"embeddable":true,"href":"https:\/\/pfipolska.tech\/index.php\/wp-json\/wp\/v2\/users\/2"}],"replies":[{"embeddable":true,"href":"https:\/\/pfipolska.tech\/index.php\/wp-json\/wp\/v2\/comments?post=904"}],"version-history":[{"count":6,"href":"https:\/\/pfipolska.tech\/index.php\/wp-json\/wp\/v2\/pages\/904\/revisions"}],"predecessor-version":[{"id":988,"href":"https:\/\/pfipolska.tech\/index.php\/wp-json\/wp\/v2\/pages\/904\/revisions\/988"}],"wp:attachment":[{"href":"https:\/\/pfipolska.tech\/index.php\/wp-json\/wp\/v2\/media?parent=904"}],"curies":[{"name":"wp","href":"https:\/\/api.w.org\/{rel}","templated":true}]}}