{"id":560,"date":"2022-01-09T14:19:28","date_gmt":"2022-01-09T13:19:28","guid":{"rendered":"http:\/\/pfipolska.tech\/?page_id=560"},"modified":"2022-11-08T16:26:21","modified_gmt":"2022-11-08T15:26:21","slug":"rozwijajace-sie-msp","status":"publish","type":"page","link":"https:\/\/pfipolska.tech\/index.php\/rozwijajace-sie-msp\/","title":{"rendered":"Rozwijaj\u0105ce si\u0119 M\u015aP"},"content":{"rendered":"\n<section class=\"wp-block-themeisle-blocks-advanced-columns alignfull has-2-columns has-desktop-equal-layout has-tablet-equal-layout has-mobile-collapsedRows-layout has-nogap-gap has-vertical-center\" id=\"wp-block-themeisle-blocks-advanced-columns-debe9c02\"><div class=\"wp-block-themeisle-blocks-advanced-columns-overlay\"><\/div><div class=\"innerblocks-wrap\">\n\n<div class=\"wp-block-themeisle-blocks-advanced-column\" id=\"wp-block-themeisle-blocks-advanced-column-1cf06e66\">\n\n<div id=\"wp-block-themeisle-blocks-advanced-heading-02bd25d9\" class=\"wp-block-themeisle-blocks-advanced-heading wp-block-themeisle-blocks-advanced-heading-02bd25d9\"><\/div>\n\n\n<h1 id=\"wp-block-themeisle-blocks-advanced-heading-b7196eeb\" class=\"wp-block-themeisle-blocks-advanced-heading wp-block-themeisle-blocks-advanced-heading-b7196eeb\">Wspieramy M\u015aP<\/h1>\n\n\n<div style=\"height:20px\" aria-hidden=\"true\" class=\"wp-block-spacer\"><\/div>\n\n\n<p>Nasza wiedza o M\u015aP jest ugruntowana wieloletnim do\u015bwiadczeniem oraz sukcesami wyra\u017conymi w setkach dotacji pozyskanych dla przedsi\u0119biorstw z tego sektora. Eksperci PFI Polska maj\u0105 wiedz\u0119 obejmuj\u0105c\u0105 nie tylko umiej\u0119tno\u015b\u0107 pozyskania \u015brodk\u00f3w finansowych dla przedsi\u0119biorstw, ale tak\u017ce dotycz\u0105c\u0105 bie\u017c\u0105cego wsparcia.<\/p>\n\n\n<p>Mikro, ma\u0142e i \u015brednie przedsi\u0119biorstwa (M\u015aP) s\u0105 si\u0142\u0105 nap\u0119dow\u0105 europejskiej gospodarki. S\u0105 one podstawowym \u017ar\u00f3d\u0142em miejsc pracy, tworz\u0105 ducha przedsi\u0119biorczo\u015bci i innowacje w UE, a zatem maj\u0105 zasadnicze znaczenie dla wspierania konkurencyjno\u015bci i zatrudnienia.<\/p>\n\n\n<p>M\u015aP definiuje si\u0119 za pomoc\u0105 trzech s\u0142\u00f3w kluczowych: ma\u0142e, pojedyncze i lokalne:<\/p>\n\n\n<ol class=\"wp-block-list\">\n\n<li>Ma\u0142e &#8211; M\u015aP maj\u0105 niewielki charakter &#8211; albo pod wzgl\u0119dem liczby (a) pracownik\u00f3w &#8211; od 10 os\u00f3b w przypadku &#8220;ma\u0142ych&#8221; do 200 os\u00f3b w przypadku &#8220;\u015brednich&#8221;, w zale\u017cno\u015bci od przepis\u00f3w obowi\u0105zuj\u0105cych w danym kraju, (b) kapita\u0142u i aktyw\u00f3w &#8211; ograniczony kapita\u0142 obrotowy i aktywa oraz (c) obrotu &#8211; ca\u0142kowity obr\u00f3t przedsi\u0119biorstwa jest niewielki, w por\u00f3wnaniu z wi\u0119kszymi firmami.<\/li>\n\n\n<li>Pojedyncze &#8211; wi\u0119kszo\u015b\u0107 M\u015aP ma jednego w\u0142a\u015bciciela, kt\u00f3ry mo\u017ce by\u0107 r\u00f3wnie\u017c jedynym pracownikiem. Chocia\u017c mo\u017ce tak by\u0107 w wi\u0119kszo\u015bci przypadk\u00f3w, definicje okre\u015blaj\u0105 250 do 500 pracownik\u00f3w jako granic\u0119 dla przedsi\u0119biorstw, kt\u00f3re mo\u017cna nazwa\u0107 M\u015aP. S\u0142owo &#8220;pojedynczy&#8221; odnosi si\u0119 r\u00f3wnie\u017c do pojedynczych wytwarzanych produkt\u00f3w lub \u015bwiadczonych us\u0142ug.<\/li>\n\n\n<li>Lokalne &#8211; M\u015aP maj\u0105 zasadniczo charakter lokalny &#8211; ich rynek jest zwykle zlokalizowany na obszarze, na kt\u00f3rym si\u0119 znajduj\u0105 (to samo miasto, dzielnica lub stan); lub mog\u0105 by\u0107 &#8220;lokalne&#8221; w tym sensie, \u017ce dzia\u0142aj\u0105 z miejsca zamieszkania &#8211; zwane r\u00f3wnie\u017c SOHO [Small Office Home Office].<\/li>\n\n<\/ol>\n\n\n<p class=\"has-text-align-left\"><\/p>\n\n<\/div>\n\n\n<div class=\"wp-block-themeisle-blocks-advanced-column\" id=\"wp-block-themeisle-blocks-advanced-column-11e58f7d\">\n\n<figure class=\"wp-block-image size-full\"><img loading=\"lazy\" decoding=\"async\" width=\"480\" height=\"480\" src=\"https:\/\/pfipolska.tech\/wp-content\/uploads\/2022\/01\/startup1.jpg\" alt=\"\" class=\"wp-image-571\" srcset=\"https:\/\/pfipolska.tech\/wp-content\/uploads\/2022\/01\/startup1.jpg 480w, https:\/\/pfipolska.tech\/wp-content\/uploads\/2022\/01\/startup1-300x300.jpg 300w, https:\/\/pfipolska.tech\/wp-content\/uploads\/2022\/01\/startup1-150x150.jpg 150w\" sizes=\"auto, (max-width: 480px) 100vw, 480px\" \/><\/figure>\n\n<\/div>\n\n","protected":false},"excerpt":{"rendered":"","protected":false},"author":2,"featured_media":0,"parent":0,"menu_order":0,"comment_status":"closed","ping_status":"closed","template":"","meta":{"neve_meta_sidebar":"","neve_meta_container":"","neve_meta_enable_content_width":"","neve_meta_content_width":0,"neve_meta_title_alignment":"","neve_meta_author_avatar":"","neve_post_elements_order":"","neve_meta_disable_header":"","neve_meta_disable_footer":"","neve_meta_disable_title":"on","_themeisle_gutenberg_block_has_review":false,"footnotes":""},"class_list":["post-560","page","type-page","status-publish","hentry"],"yoast_head":"<!-- This site is optimized with the Yoast SEO plugin v27.6 - https:\/\/yoast.com\/product\/yoast-seo-wordpress\/ -->\n<title>Wsparcie dla M\u015aP - PFI Polska<\/title>\n<meta name=\"description\" content=\"Mikro, ma\u0142e i \u015brednie przedsi\u0119biorstwa (M\u015aP) s\u0105 si\u0142\u0105 nap\u0119dow\u0105 europejskiej gospodarki. Eksperci PFI Polska maj\u0105 wiedz\u0119 obejmuj\u0105c\u0105 nie tylko umiej\u0119tno\u015b\u0107 pozyskania \u015brodk\u00f3w finansowych dla przedsi\u0119biorstw, ale tak\u017ce dotycz\u0105c\u0105 bie\u017c\u0105cego wsparcia.\" \/>\n<meta name=\"robots\" content=\"index, follow, max-snippet:-1, max-image-preview:large, max-video-preview:-1\" \/>\n<link rel=\"canonical\" href=\"https:\/\/pfipolska.tech\/index.php\/rozwijajace-sie-msp\/\" \/>\n<meta property=\"og:locale\" content=\"pl_PL\" \/>\n<meta property=\"og:type\" content=\"article\" \/>\n<meta property=\"og:title\" content=\"Wsparcie dla M\u015aP - PFI Polska\" \/>\n<meta property=\"og:description\" content=\"Mikro, ma\u0142e i \u015brednie przedsi\u0119biorstwa (M\u015aP) s\u0105 si\u0142\u0105 nap\u0119dow\u0105 europejskiej gospodarki. Eksperci PFI Polska maj\u0105 wiedz\u0119 obejmuj\u0105c\u0105 nie tylko umiej\u0119tno\u015b\u0107 pozyskania \u015brodk\u00f3w finansowych dla przedsi\u0119biorstw, ale tak\u017ce dotycz\u0105c\u0105 bie\u017c\u0105cego wsparcia.\" \/>\n<meta property=\"og:url\" content=\"https:\/\/pfipolska.tech\/index.php\/rozwijajace-sie-msp\/\" \/>\n<meta property=\"og:site_name\" content=\"PFI Polska\" \/>\n<meta property=\"article:modified_time\" content=\"2022-11-08T15:26:21+00:00\" \/>\n<meta property=\"og:image\" content=\"http:\/\/pfipolska.tech\/wp-content\/uploads\/2022\/01\/startup1.jpg\" \/>\n<meta name=\"twitter:card\" content=\"summary_large_image\" \/>\n<meta name=\"twitter:label1\" content=\"Szacowany czas czytania\" \/>\n\t<meta name=\"twitter:data1\" content=\"2 minuty\" \/>\n<script type=\"application\/ld+json\" class=\"yoast-schema-graph\">{\"@context\":\"https:\\\/\\\/schema.org\",\"@graph\":[{\"@type\":\"WebPage\",\"@id\":\"https:\\\/\\\/pfipolska.tech\\\/index.php\\\/rozwijajace-sie-msp\\\/\",\"url\":\"https:\\\/\\\/pfipolska.tech\\\/index.php\\\/rozwijajace-sie-msp\\\/\",\"name\":\"Wsparcie dla M\u015aP - PFI Polska\",\"isPartOf\":{\"@id\":\"https:\\\/\\\/pfipolska.tech\\\/#website\"},\"primaryImageOfPage\":{\"@id\":\"https:\\\/\\\/pfipolska.tech\\\/index.php\\\/rozwijajace-sie-msp\\\/#primaryimage\"},\"image\":{\"@id\":\"https:\\\/\\\/pfipolska.tech\\\/index.php\\\/rozwijajace-sie-msp\\\/#primaryimage\"},\"thumbnailUrl\":\"http:\\\/\\\/pfipolska.tech\\\/wp-content\\\/uploads\\\/2022\\\/01\\\/startup1.jpg\",\"datePublished\":\"2022-01-09T13:19:28+00:00\",\"dateModified\":\"2022-11-08T15:26:21+00:00\",\"description\":\"Mikro, ma\u0142e i \u015brednie przedsi\u0119biorstwa (M\u015aP) s\u0105 si\u0142\u0105 nap\u0119dow\u0105 europejskiej gospodarki. Eksperci PFI Polska maj\u0105 wiedz\u0119 obejmuj\u0105c\u0105 nie tylko umiej\u0119tno\u015b\u0107 pozyskania \u015brodk\u00f3w finansowych dla przedsi\u0119biorstw, ale tak\u017ce dotycz\u0105c\u0105 bie\u017c\u0105cego wsparcia.\",\"breadcrumb\":{\"@id\":\"https:\\\/\\\/pfipolska.tech\\\/index.php\\\/rozwijajace-sie-msp\\\/#breadcrumb\"},\"inLanguage\":\"pl-PL\",\"potentialAction\":[{\"@type\":\"ReadAction\",\"target\":[\"https:\\\/\\\/pfipolska.tech\\\/index.php\\\/rozwijajace-sie-msp\\\/\"]}]},{\"@type\":\"ImageObject\",\"inLanguage\":\"pl-PL\",\"@id\":\"https:\\\/\\\/pfipolska.tech\\\/index.php\\\/rozwijajace-sie-msp\\\/#primaryimage\",\"url\":\"https:\\\/\\\/pfipolska.tech\\\/wp-content\\\/uploads\\\/2022\\\/01\\\/startup1.jpg\",\"contentUrl\":\"https:\\\/\\\/pfipolska.tech\\\/wp-content\\\/uploads\\\/2022\\\/01\\\/startup1.jpg\",\"width\":480,\"height\":480},{\"@type\":\"BreadcrumbList\",\"@id\":\"https:\\\/\\\/pfipolska.tech\\\/index.php\\\/rozwijajace-sie-msp\\\/#breadcrumb\",\"itemListElement\":[{\"@type\":\"ListItem\",\"position\":1,\"name\":\"Strona g\u0142\u00f3wna\",\"item\":\"https:\\\/\\\/pfipolska.tech\\\/\"},{\"@type\":\"ListItem\",\"position\":2,\"name\":\"Rozwijaj\u0105ce si\u0119 M\u015aP\"}]},{\"@type\":\"WebSite\",\"@id\":\"https:\\\/\\\/pfipolska.tech\\\/#website\",\"url\":\"https:\\\/\\\/pfipolska.tech\\\/\",\"name\":\"PFI Polska\",\"description\":\"Kolejna witryna oparta na WordPressie\",\"publisher\":{\"@id\":\"https:\\\/\\\/pfipolska.tech\\\/#organization\"},\"alternateName\":\"PFI\",\"potentialAction\":[{\"@type\":\"SearchAction\",\"target\":{\"@type\":\"EntryPoint\",\"urlTemplate\":\"https:\\\/\\\/pfipolska.tech\\\/?s={search_term_string}\"},\"query-input\":{\"@type\":\"PropertyValueSpecification\",\"valueRequired\":true,\"valueName\":\"search_term_string\"}}],\"inLanguage\":\"pl-PL\"},{\"@type\":\"Organization\",\"@id\":\"https:\\\/\\\/pfipolska.tech\\\/#organization\",\"name\":\"PFI POLSKA\",\"alternateName\":\"PFI\",\"url\":\"https:\\\/\\\/pfipolska.tech\\\/\",\"logo\":{\"@type\":\"ImageObject\",\"inLanguage\":\"pl-PL\",\"@id\":\"https:\\\/\\\/pfipolska.tech\\\/#\\\/schema\\\/logo\\\/image\\\/\",\"url\":\"https:\\\/\\\/pfipolska.tech\\\/wp-content\\\/uploads\\\/2021\\\/12\\\/cropped-cropped-kolorLogo-1000x1000-1.png\",\"contentUrl\":\"https:\\\/\\\/pfipolska.tech\\\/wp-content\\\/uploads\\\/2021\\\/12\\\/cropped-cropped-kolorLogo-1000x1000-1.png\",\"width\":512,\"height\":512,\"caption\":\"PFI POLSKA\"},\"image\":{\"@id\":\"https:\\\/\\\/pfipolska.tech\\\/#\\\/schema\\\/logo\\\/image\\\/\"}}]}<\/script>\n<!-- \/ Yoast SEO plugin. -->","yoast_head_json":{"title":"Wsparcie dla M\u015aP - PFI Polska","description":"Mikro, ma\u0142e i \u015brednie przedsi\u0119biorstwa (M\u015aP) s\u0105 si\u0142\u0105 nap\u0119dow\u0105 europejskiej gospodarki. Eksperci PFI Polska maj\u0105 wiedz\u0119 obejmuj\u0105c\u0105 nie tylko umiej\u0119tno\u015b\u0107 pozyskania \u015brodk\u00f3w finansowych dla przedsi\u0119biorstw, ale tak\u017ce dotycz\u0105c\u0105 bie\u017c\u0105cego wsparcia.","robots":{"index":"index","follow":"follow","max-snippet":"max-snippet:-1","max-image-preview":"max-image-preview:large","max-video-preview":"max-video-preview:-1"},"canonical":"https:\/\/pfipolska.tech\/index.php\/rozwijajace-sie-msp\/","og_locale":"pl_PL","og_type":"article","og_title":"Wsparcie dla M\u015aP - PFI Polska","og_description":"Mikro, ma\u0142e i \u015brednie przedsi\u0119biorstwa (M\u015aP) s\u0105 si\u0142\u0105 nap\u0119dow\u0105 europejskiej gospodarki. Eksperci PFI Polska maj\u0105 wiedz\u0119 obejmuj\u0105c\u0105 nie tylko umiej\u0119tno\u015b\u0107 pozyskania \u015brodk\u00f3w finansowych dla przedsi\u0119biorstw, ale tak\u017ce dotycz\u0105c\u0105 bie\u017c\u0105cego wsparcia.","og_url":"https:\/\/pfipolska.tech\/index.php\/rozwijajace-sie-msp\/","og_site_name":"PFI Polska","article_modified_time":"2022-11-08T15:26:21+00:00","og_image":[{"url":"http:\/\/pfipolska.tech\/wp-content\/uploads\/2022\/01\/startup1.jpg","type":"","width":"","height":""}],"twitter_card":"summary_large_image","twitter_misc":{"Szacowany czas czytania":"2 minuty"},"schema":{"@context":"https:\/\/schema.org","@graph":[{"@type":"WebPage","@id":"https:\/\/pfipolska.tech\/index.php\/rozwijajace-sie-msp\/","url":"https:\/\/pfipolska.tech\/index.php\/rozwijajace-sie-msp\/","name":"Wsparcie dla M\u015aP - PFI Polska","isPartOf":{"@id":"https:\/\/pfipolska.tech\/#website"},"primaryImageOfPage":{"@id":"https:\/\/pfipolska.tech\/index.php\/rozwijajace-sie-msp\/#primaryimage"},"image":{"@id":"https:\/\/pfipolska.tech\/index.php\/rozwijajace-sie-msp\/#primaryimage"},"thumbnailUrl":"http:\/\/pfipolska.tech\/wp-content\/uploads\/2022\/01\/startup1.jpg","datePublished":"2022-01-09T13:19:28+00:00","dateModified":"2022-11-08T15:26:21+00:00","description":"Mikro, ma\u0142e i \u015brednie przedsi\u0119biorstwa (M\u015aP) s\u0105 si\u0142\u0105 nap\u0119dow\u0105 europejskiej gospodarki. Eksperci PFI Polska maj\u0105 wiedz\u0119 obejmuj\u0105c\u0105 nie tylko umiej\u0119tno\u015b\u0107 pozyskania \u015brodk\u00f3w finansowych dla przedsi\u0119biorstw, ale tak\u017ce dotycz\u0105c\u0105 bie\u017c\u0105cego wsparcia.","breadcrumb":{"@id":"https:\/\/pfipolska.tech\/index.php\/rozwijajace-sie-msp\/#breadcrumb"},"inLanguage":"pl-PL","potentialAction":[{"@type":"ReadAction","target":["https:\/\/pfipolska.tech\/index.php\/rozwijajace-sie-msp\/"]}]},{"@type":"ImageObject","inLanguage":"pl-PL","@id":"https:\/\/pfipolska.tech\/index.php\/rozwijajace-sie-msp\/#primaryimage","url":"https:\/\/pfipolska.tech\/wp-content\/uploads\/2022\/01\/startup1.jpg","contentUrl":"https:\/\/pfipolska.tech\/wp-content\/uploads\/2022\/01\/startup1.jpg","width":480,"height":480},{"@type":"BreadcrumbList","@id":"https:\/\/pfipolska.tech\/index.php\/rozwijajace-sie-msp\/#breadcrumb","itemListElement":[{"@type":"ListItem","position":1,"name":"Strona g\u0142\u00f3wna","item":"https:\/\/pfipolska.tech\/"},{"@type":"ListItem","position":2,"name":"Rozwijaj\u0105ce si\u0119 M\u015aP"}]},{"@type":"WebSite","@id":"https:\/\/pfipolska.tech\/#website","url":"https:\/\/pfipolska.tech\/","name":"PFI Polska","description":"Kolejna witryna oparta na WordPressie","publisher":{"@id":"https:\/\/pfipolska.tech\/#organization"},"alternateName":"PFI","potentialAction":[{"@type":"SearchAction","target":{"@type":"EntryPoint","urlTemplate":"https:\/\/pfipolska.tech\/?s={search_term_string}"},"query-input":{"@type":"PropertyValueSpecification","valueRequired":true,"valueName":"search_term_string"}}],"inLanguage":"pl-PL"},{"@type":"Organization","@id":"https:\/\/pfipolska.tech\/#organization","name":"PFI POLSKA","alternateName":"PFI","url":"https:\/\/pfipolska.tech\/","logo":{"@type":"ImageObject","inLanguage":"pl-PL","@id":"https:\/\/pfipolska.tech\/#\/schema\/logo\/image\/","url":"https:\/\/pfipolska.tech\/wp-content\/uploads\/2021\/12\/cropped-cropped-kolorLogo-1000x1000-1.png","contentUrl":"https:\/\/pfipolska.tech\/wp-content\/uploads\/2021\/12\/cropped-cropped-kolorLogo-1000x1000-1.png","width":512,"height":512,"caption":"PFI POLSKA"},"image":{"@id":"https:\/\/pfipolska.tech\/#\/schema\/logo\/image\/"}}]}},"_links":{"self":[{"href":"https:\/\/pfipolska.tech\/index.php\/wp-json\/wp\/v2\/pages\/560","targetHints":{"allow":["GET"]}}],"collection":[{"href":"https:\/\/pfipolska.tech\/index.php\/wp-json\/wp\/v2\/pages"}],"about":[{"href":"https:\/\/pfipolska.tech\/index.php\/wp-json\/wp\/v2\/types\/page"}],"author":[{"embeddable":true,"href":"https:\/\/pfipolska.tech\/index.php\/wp-json\/wp\/v2\/users\/2"}],"replies":[{"embeddable":true,"href":"https:\/\/pfipolska.tech\/index.php\/wp-json\/wp\/v2\/comments?post=560"}],"version-history":[{"count":12,"href":"https:\/\/pfipolska.tech\/index.php\/wp-json\/wp\/v2\/pages\/560\/revisions"}],"predecessor-version":[{"id":746,"href":"https:\/\/pfipolska.tech\/index.php\/wp-json\/wp\/v2\/pages\/560\/revisions\/746"}],"wp:attachment":[{"href":"https:\/\/pfipolska.tech\/index.php\/wp-json\/wp\/v2\/media?parent=560"}],"curies":[{"name":"wp","href":"https:\/\/api.w.org\/{rel}","templated":true}]}}