{"id":546,"date":"2022-01-07T22:42:31","date_gmt":"2022-01-07T21:42:31","guid":{"rendered":"http:\/\/pfipolska.tech\/?page_id=546"},"modified":"2022-11-08T16:30:55","modified_gmt":"2022-11-08T15:30:55","slug":"duze-dojrzale-firmy","status":"publish","type":"page","link":"https:\/\/pfipolska.tech\/index.php\/duze-dojrzale-firmy\/","title":{"rendered":"Du\u017ce, dojrza\u0142e firmy"},"content":{"rendered":"\n<section id=\"wp-block-themeisle-blocks-advanced-columns-0d54379d\" class=\"wp-block-themeisle-blocks-advanced-columns alignfull has-1-columns has-desktop-equal-layout has-tablet-equal-layout has-mobile-equal-layout has-vertical-flex-start\"><div class=\"wp-block-themeisle-blocks-advanced-columns-overlay\"><\/div><div class=\"innerblocks-wrap\">\n<div id=\"wp-block-themeisle-blocks-advanced-column-ba00a84a\" class=\"wp-block-themeisle-blocks-advanced-column\">\n<section id=\"wp-block-themeisle-blocks-advanced-columns-363eccc7\" class=\"wp-block-themeisle-blocks-advanced-columns has-2-columns has-desktop-equal-layout has-tablet-equal-layout has-mobile-collapsedRows-layout has-vertical-center\"><div class=\"wp-block-themeisle-blocks-advanced-columns-overlay\"><\/div><div class=\"innerblocks-wrap\">\n<div id=\"wp-block-themeisle-blocks-advanced-column-e32c15f5\" class=\"wp-block-themeisle-blocks-advanced-column\">\n<div id=\"wp-block-themeisle-blocks-advanced-heading-19d0ecdb\" class=\"wp-block-themeisle-blocks-advanced-heading wp-block-themeisle-blocks-advanced-heading-19d0ecdb\"><\/div>\n\n\n\n<h2 class=\"has-text-align-left has-text-color wp-block-heading\" style=\"color:#2897a0\">Du\u017ce, dojrza\u0142e firmy<\/h2>\n\n\n\n<p><strong>Pomagamy modelowa\u0107 procesy zarz\u0105dzania innowacyjno\u015bci\u0105, edukujemy, wdra\u017camy narz\u0119dzia i praktyczne rozwi\u0105zania. Nasz\u0105 ekspertyz\u0105 s\u0105:<\/strong><\/p>\n\n\n\n<ul class=\"wp-block-list\">\n<li>analiza innowacyjno\u015bci biznesu,<\/li>\n\n\n\n<li>wdra\u017canie proces\u00f3w zarz\u0105dzania innowacyjno\u015bci\u0105,<\/li>\n\n\n\n<li>wsparcie w tworzeniu \u015brodowiska sprzyjaj\u0105cego rozwojowi innowacji (w tym Corporate Innovation),<\/li>\n\n\n\n<li>\u0142\u0105czymy ustrukturalizowany biznes (biorca technologii) ze startupami (dawca technologii),<\/li>\n\n\n\n<li>wdra\u017camy narz\u0119dzia i procesy zarz\u0105dzania wiedz\u0105 i generowania innowacji produktowych, technologicznych, organizacyjnych i marketingowych,<\/li>\n\n\n\n<li>strategiczna analiza dotacyjna i efektywne pozyskiwanie finansowania (dotacji) na projekty innowacyjne i B+R.<\/li>\n<\/ul>\n<\/div>\n\n\n\n<div id=\"wp-block-themeisle-blocks-advanced-column-6e1f4afe\" class=\"wp-block-themeisle-blocks-advanced-column\">\n<figure class=\"wp-block-image size-large\"><img loading=\"lazy\" decoding=\"async\" width=\"1024\" height=\"1024\" src=\"https:\/\/pfipolska.tech\/wp-content\/uploads\/2022\/01\/PFI-duze-firmy-1024x1024.jpg\" alt=\"\" class=\"wp-image-522\" srcset=\"https:\/\/pfipolska.tech\/wp-content\/uploads\/2022\/01\/PFI-duze-firmy-1024x1024.jpg 1024w, https:\/\/pfipolska.tech\/wp-content\/uploads\/2022\/01\/PFI-duze-firmy-300x300.jpg 300w, https:\/\/pfipolska.tech\/wp-content\/uploads\/2022\/01\/PFI-duze-firmy-150x150.jpg 150w, https:\/\/pfipolska.tech\/wp-content\/uploads\/2022\/01\/PFI-duze-firmy-768x768.jpg 768w, https:\/\/pfipolska.tech\/wp-content\/uploads\/2022\/01\/PFI-duze-firmy-650x650.jpg 650w, https:\/\/pfipolska.tech\/wp-content\/uploads\/2022\/01\/PFI-duze-firmy-1300x1300.jpg 1300w, https:\/\/pfipolska.tech\/wp-content\/uploads\/2022\/01\/PFI-duze-firmy.jpg 1430w\" sizes=\"auto, (max-width: 1024px) 100vw, 1024px\" \/><\/figure>\n<\/div>\n<\/div><\/section>\n\n\n\n<section id=\"wp-block-themeisle-blocks-advanced-columns-3db1a44f\" class=\"wp-block-themeisle-blocks-advanced-columns has-2-columns has-desktop-equal-layout has-tablet-equal-layout has-mobile-collapsedRows-layout has-vertical-center\"><div class=\"wp-block-themeisle-blocks-advanced-columns-overlay\"><\/div><div class=\"innerblocks-wrap\">\n<div id=\"wp-block-themeisle-blocks-advanced-column-4d559616\" class=\"wp-block-themeisle-blocks-advanced-column\">\n<figure class=\"wp-block-image size-full\"><img loading=\"lazy\" decoding=\"async\" width=\"782\" height=\"682\" src=\"https:\/\/pfipolska.tech\/wp-content\/uploads\/2022\/01\/Drogowskaz-PFI.jpg\" alt=\"\" class=\"wp-image-588\" srcset=\"https:\/\/pfipolska.tech\/wp-content\/uploads\/2022\/01\/Drogowskaz-PFI.jpg 782w, https:\/\/pfipolska.tech\/wp-content\/uploads\/2022\/01\/Drogowskaz-PFI-300x262.jpg 300w, https:\/\/pfipolska.tech\/wp-content\/uploads\/2022\/01\/Drogowskaz-PFI-768x670.jpg 768w\" sizes=\"auto, (max-width: 782px) 100vw, 782px\" \/><\/figure>\n<\/div>\n\n\n\n<div class=\"wp-block-themeisle-blocks-advanced-column\" id=\"wp-block-themeisle-blocks-advanced-column-6b9e306f\">\n\n<div id=\"wp-block-themeisle-blocks-advanced-heading-76f90c48\" class=\"wp-block-themeisle-blocks-advanced-heading wp-block-themeisle-blocks-advanced-heading-76f90c48\"><\/div>\n\n\n<h2 class=\"has-text-align-left has-text-color wp-block-heading\" style=\"color:#2897a0\">Mamy do\u015bwiadczenie<\/h2>\n\n\n<p>W przypadku du\u017cych organizacji, przy podejmowaniu jakichkolwiek dzia\u0142a\u0144 zmierzaj\u0105cych do ich rozwoju, ogromne znaczenie ma kultura organizacyjna. Cechy organizacji wywieraj\u0105 du\u017ce pi\u0119tno na kulturze organizacyjnej. To czy organizacja ma swoj\u0105 histori\u0119, jak jest du\u017ca, kto jest jej w\u0142a\u015bcicielem (podmiot publiczny, rozproszony w\u0142a\u015bciciel czy okre\u015blone osoby), czy jest w pe\u0142ni samodzielna czy te\u017c podleg\u0142a i przez to nie w pe\u0142ni niezale\u017cna, silnie oddzia\u0142ywuje na jej kultur\u0119. Oczywi\u015bcie strategia organizacji, czy jej struktura (w tym spos\u00f3b podejmowania decyzji) maj\u0105 w tym zakresie bardzo du\u017ce znaczenie.<\/p>\n\n\n<p>Dru\u017cyna ekspert\u00f3w PFI Polska, bazuj\u0105c na swoim ogromnym do\u015bwiadczeniu zar\u00f3wno w pracy z du\u017cymi firmami\/organizacjami\/korporacjami jak i wiedzy na temat mechanizm\u00f3w dzia\u0142aj\u0105cych w takich firmach, mo\u017ce pom\u00f3c KA\u017bDEJ firmie w zdobyciu odpowiednich funduszy, w doradztwie finansowym, czy podzieli\u0107 si\u0119 swoj\u0105 ekspertyz\u0105 przy rozliczaniu wniosk\u00f3w.<\/p>\n\n<\/div><\/section>\n<\/div>\n<\/div><\/section>\n\n\n\n<p><\/p>\n","protected":false},"excerpt":{"rendered":"","protected":false},"author":2,"featured_media":0,"parent":0,"menu_order":0,"comment_status":"closed","ping_status":"closed","template":"","meta":{"neve_meta_sidebar":"","neve_meta_container":"","neve_meta_enable_content_width":"","neve_meta_content_width":0,"neve_meta_title_alignment":"","neve_meta_author_avatar":"","neve_post_elements_order":"","neve_meta_disable_header":"","neve_meta_disable_footer":"","neve_meta_disable_title":"on","_themeisle_gutenberg_block_has_review":false,"footnotes":""},"class_list":["post-546","page","type-page","status-publish","hentry"],"yoast_head":"<!-- This site is optimized with the Yoast SEO plugin v27.6 - https:\/\/yoast.com\/product\/yoast-seo-wordpress\/ -->\n<title>Dotacje dla du\u017cych przedsi\u0119biorc\u00f3w - PFI Polska<\/title>\n<meta name=\"description\" content=\"Pomagamy modelowa\u0107 procesy zarz\u0105dzania innowacyjno\u015bci\u0105, edukujemy, wdra\u017camy narz\u0119dzia i praktyczne rozwi\u0105zania.\" \/>\n<meta name=\"robots\" content=\"index, follow, max-snippet:-1, max-image-preview:large, max-video-preview:-1\" \/>\n<link rel=\"canonical\" href=\"https:\/\/pfipolska.tech\/index.php\/duze-dojrzale-firmy\/\" \/>\n<meta property=\"og:locale\" content=\"pl_PL\" \/>\n<meta property=\"og:type\" content=\"article\" \/>\n<meta property=\"og:title\" content=\"Dotacje dla du\u017cych przedsi\u0119biorc\u00f3w - PFI Polska\" \/>\n<meta property=\"og:description\" content=\"Pomagamy modelowa\u0107 procesy zarz\u0105dzania innowacyjno\u015bci\u0105, edukujemy, wdra\u017camy narz\u0119dzia i praktyczne rozwi\u0105zania.\" \/>\n<meta property=\"og:url\" content=\"https:\/\/pfipolska.tech\/index.php\/duze-dojrzale-firmy\/\" \/>\n<meta property=\"og:site_name\" content=\"PFI Polska\" \/>\n<meta property=\"article:modified_time\" content=\"2022-11-08T15:30:55+00:00\" \/>\n<meta property=\"og:image\" content=\"http:\/\/pfipolska.tech\/wp-content\/uploads\/2022\/01\/PFI-duze-firmy-1024x1024.jpg\" \/>\n<meta name=\"twitter:card\" content=\"summary_large_image\" \/>\n<meta name=\"twitter:label1\" content=\"Szacowany czas czytania\" \/>\n\t<meta name=\"twitter:data1\" content=\"2 minuty\" \/>\n<script type=\"application\/ld+json\" class=\"yoast-schema-graph\">{\"@context\":\"https:\\\/\\\/schema.org\",\"@graph\":[{\"@type\":\"WebPage\",\"@id\":\"https:\\\/\\\/pfipolska.tech\\\/index.php\\\/duze-dojrzale-firmy\\\/\",\"url\":\"https:\\\/\\\/pfipolska.tech\\\/index.php\\\/duze-dojrzale-firmy\\\/\",\"name\":\"Dotacje dla du\u017cych przedsi\u0119biorc\u00f3w - PFI Polska\",\"isPartOf\":{\"@id\":\"https:\\\/\\\/pfipolska.tech\\\/#website\"},\"primaryImageOfPage\":{\"@id\":\"https:\\\/\\\/pfipolska.tech\\\/index.php\\\/duze-dojrzale-firmy\\\/#primaryimage\"},\"image\":{\"@id\":\"https:\\\/\\\/pfipolska.tech\\\/index.php\\\/duze-dojrzale-firmy\\\/#primaryimage\"},\"thumbnailUrl\":\"http:\\\/\\\/pfipolska.tech\\\/wp-content\\\/uploads\\\/2022\\\/01\\\/PFI-duze-firmy-1024x1024.jpg\",\"datePublished\":\"2022-01-07T21:42:31+00:00\",\"dateModified\":\"2022-11-08T15:30:55+00:00\",\"description\":\"Pomagamy modelowa\u0107 procesy zarz\u0105dzania innowacyjno\u015bci\u0105, edukujemy, wdra\u017camy narz\u0119dzia i praktyczne rozwi\u0105zania.\",\"breadcrumb\":{\"@id\":\"https:\\\/\\\/pfipolska.tech\\\/index.php\\\/duze-dojrzale-firmy\\\/#breadcrumb\"},\"inLanguage\":\"pl-PL\",\"potentialAction\":[{\"@type\":\"ReadAction\",\"target\":[\"https:\\\/\\\/pfipolska.tech\\\/index.php\\\/duze-dojrzale-firmy\\\/\"]}]},{\"@type\":\"ImageObject\",\"inLanguage\":\"pl-PL\",\"@id\":\"https:\\\/\\\/pfipolska.tech\\\/index.php\\\/duze-dojrzale-firmy\\\/#primaryimage\",\"url\":\"https:\\\/\\\/pfipolska.tech\\\/wp-content\\\/uploads\\\/2022\\\/01\\\/PFI-duze-firmy.jpg\",\"contentUrl\":\"https:\\\/\\\/pfipolska.tech\\\/wp-content\\\/uploads\\\/2022\\\/01\\\/PFI-duze-firmy.jpg\",\"width\":1430,\"height\":1430},{\"@type\":\"BreadcrumbList\",\"@id\":\"https:\\\/\\\/pfipolska.tech\\\/index.php\\\/duze-dojrzale-firmy\\\/#breadcrumb\",\"itemListElement\":[{\"@type\":\"ListItem\",\"position\":1,\"name\":\"Strona g\u0142\u00f3wna\",\"item\":\"https:\\\/\\\/pfipolska.tech\\\/\"},{\"@type\":\"ListItem\",\"position\":2,\"name\":\"Du\u017ce, dojrza\u0142e firmy\"}]},{\"@type\":\"WebSite\",\"@id\":\"https:\\\/\\\/pfipolska.tech\\\/#website\",\"url\":\"https:\\\/\\\/pfipolska.tech\\\/\",\"name\":\"PFI Polska\",\"description\":\"Kolejna witryna oparta na WordPressie\",\"publisher\":{\"@id\":\"https:\\\/\\\/pfipolska.tech\\\/#organization\"},\"alternateName\":\"PFI\",\"potentialAction\":[{\"@type\":\"SearchAction\",\"target\":{\"@type\":\"EntryPoint\",\"urlTemplate\":\"https:\\\/\\\/pfipolska.tech\\\/?s={search_term_string}\"},\"query-input\":{\"@type\":\"PropertyValueSpecification\",\"valueRequired\":true,\"valueName\":\"search_term_string\"}}],\"inLanguage\":\"pl-PL\"},{\"@type\":\"Organization\",\"@id\":\"https:\\\/\\\/pfipolska.tech\\\/#organization\",\"name\":\"PFI POLSKA\",\"alternateName\":\"PFI\",\"url\":\"https:\\\/\\\/pfipolska.tech\\\/\",\"logo\":{\"@type\":\"ImageObject\",\"inLanguage\":\"pl-PL\",\"@id\":\"https:\\\/\\\/pfipolska.tech\\\/#\\\/schema\\\/logo\\\/image\\\/\",\"url\":\"https:\\\/\\\/pfipolska.tech\\\/wp-content\\\/uploads\\\/2021\\\/12\\\/cropped-cropped-kolorLogo-1000x1000-1.png\",\"contentUrl\":\"https:\\\/\\\/pfipolska.tech\\\/wp-content\\\/uploads\\\/2021\\\/12\\\/cropped-cropped-kolorLogo-1000x1000-1.png\",\"width\":512,\"height\":512,\"caption\":\"PFI POLSKA\"},\"image\":{\"@id\":\"https:\\\/\\\/pfipolska.tech\\\/#\\\/schema\\\/logo\\\/image\\\/\"}}]}<\/script>\n<!-- \/ Yoast SEO plugin. -->","yoast_head_json":{"title":"Dotacje dla du\u017cych przedsi\u0119biorc\u00f3w - PFI Polska","description":"Pomagamy modelowa\u0107 procesy zarz\u0105dzania innowacyjno\u015bci\u0105, edukujemy, wdra\u017camy narz\u0119dzia i praktyczne rozwi\u0105zania.","robots":{"index":"index","follow":"follow","max-snippet":"max-snippet:-1","max-image-preview":"max-image-preview:large","max-video-preview":"max-video-preview:-1"},"canonical":"https:\/\/pfipolska.tech\/index.php\/duze-dojrzale-firmy\/","og_locale":"pl_PL","og_type":"article","og_title":"Dotacje dla du\u017cych przedsi\u0119biorc\u00f3w - PFI Polska","og_description":"Pomagamy modelowa\u0107 procesy zarz\u0105dzania innowacyjno\u015bci\u0105, edukujemy, wdra\u017camy narz\u0119dzia i praktyczne rozwi\u0105zania.","og_url":"https:\/\/pfipolska.tech\/index.php\/duze-dojrzale-firmy\/","og_site_name":"PFI Polska","article_modified_time":"2022-11-08T15:30:55+00:00","og_image":[{"url":"http:\/\/pfipolska.tech\/wp-content\/uploads\/2022\/01\/PFI-duze-firmy-1024x1024.jpg","type":"","width":"","height":""}],"twitter_card":"summary_large_image","twitter_misc":{"Szacowany czas czytania":"2 minuty"},"schema":{"@context":"https:\/\/schema.org","@graph":[{"@type":"WebPage","@id":"https:\/\/pfipolska.tech\/index.php\/duze-dojrzale-firmy\/","url":"https:\/\/pfipolska.tech\/index.php\/duze-dojrzale-firmy\/","name":"Dotacje dla du\u017cych przedsi\u0119biorc\u00f3w - PFI Polska","isPartOf":{"@id":"https:\/\/pfipolska.tech\/#website"},"primaryImageOfPage":{"@id":"https:\/\/pfipolska.tech\/index.php\/duze-dojrzale-firmy\/#primaryimage"},"image":{"@id":"https:\/\/pfipolska.tech\/index.php\/duze-dojrzale-firmy\/#primaryimage"},"thumbnailUrl":"http:\/\/pfipolska.tech\/wp-content\/uploads\/2022\/01\/PFI-duze-firmy-1024x1024.jpg","datePublished":"2022-01-07T21:42:31+00:00","dateModified":"2022-11-08T15:30:55+00:00","description":"Pomagamy modelowa\u0107 procesy zarz\u0105dzania innowacyjno\u015bci\u0105, edukujemy, wdra\u017camy narz\u0119dzia i praktyczne rozwi\u0105zania.","breadcrumb":{"@id":"https:\/\/pfipolska.tech\/index.php\/duze-dojrzale-firmy\/#breadcrumb"},"inLanguage":"pl-PL","potentialAction":[{"@type":"ReadAction","target":["https:\/\/pfipolska.tech\/index.php\/duze-dojrzale-firmy\/"]}]},{"@type":"ImageObject","inLanguage":"pl-PL","@id":"https:\/\/pfipolska.tech\/index.php\/duze-dojrzale-firmy\/#primaryimage","url":"https:\/\/pfipolska.tech\/wp-content\/uploads\/2022\/01\/PFI-duze-firmy.jpg","contentUrl":"https:\/\/pfipolska.tech\/wp-content\/uploads\/2022\/01\/PFI-duze-firmy.jpg","width":1430,"height":1430},{"@type":"BreadcrumbList","@id":"https:\/\/pfipolska.tech\/index.php\/duze-dojrzale-firmy\/#breadcrumb","itemListElement":[{"@type":"ListItem","position":1,"name":"Strona g\u0142\u00f3wna","item":"https:\/\/pfipolska.tech\/"},{"@type":"ListItem","position":2,"name":"Du\u017ce, dojrza\u0142e firmy"}]},{"@type":"WebSite","@id":"https:\/\/pfipolska.tech\/#website","url":"https:\/\/pfipolska.tech\/","name":"PFI Polska","description":"Kolejna witryna oparta na WordPressie","publisher":{"@id":"https:\/\/pfipolska.tech\/#organization"},"alternateName":"PFI","potentialAction":[{"@type":"SearchAction","target":{"@type":"EntryPoint","urlTemplate":"https:\/\/pfipolska.tech\/?s={search_term_string}"},"query-input":{"@type":"PropertyValueSpecification","valueRequired":true,"valueName":"search_term_string"}}],"inLanguage":"pl-PL"},{"@type":"Organization","@id":"https:\/\/pfipolska.tech\/#organization","name":"PFI POLSKA","alternateName":"PFI","url":"https:\/\/pfipolska.tech\/","logo":{"@type":"ImageObject","inLanguage":"pl-PL","@id":"https:\/\/pfipolska.tech\/#\/schema\/logo\/image\/","url":"https:\/\/pfipolska.tech\/wp-content\/uploads\/2021\/12\/cropped-cropped-kolorLogo-1000x1000-1.png","contentUrl":"https:\/\/pfipolska.tech\/wp-content\/uploads\/2021\/12\/cropped-cropped-kolorLogo-1000x1000-1.png","width":512,"height":512,"caption":"PFI POLSKA"},"image":{"@id":"https:\/\/pfipolska.tech\/#\/schema\/logo\/image\/"}}]}},"_links":{"self":[{"href":"https:\/\/pfipolska.tech\/index.php\/wp-json\/wp\/v2\/pages\/546","targetHints":{"allow":["GET"]}}],"collection":[{"href":"https:\/\/pfipolska.tech\/index.php\/wp-json\/wp\/v2\/pages"}],"about":[{"href":"https:\/\/pfipolska.tech\/index.php\/wp-json\/wp\/v2\/types\/page"}],"author":[{"embeddable":true,"href":"https:\/\/pfipolska.tech\/index.php\/wp-json\/wp\/v2\/users\/2"}],"replies":[{"embeddable":true,"href":"https:\/\/pfipolska.tech\/index.php\/wp-json\/wp\/v2\/comments?post=546"}],"version-history":[{"count":11,"href":"https:\/\/pfipolska.tech\/index.php\/wp-json\/wp\/v2\/pages\/546\/revisions"}],"predecessor-version":[{"id":813,"href":"https:\/\/pfipolska.tech\/index.php\/wp-json\/wp\/v2\/pages\/546\/revisions\/813"}],"wp:attachment":[{"href":"https:\/\/pfipolska.tech\/index.php\/wp-json\/wp\/v2\/media?parent=546"}],"curies":[{"name":"wp","href":"https:\/\/api.w.org\/{rel}","templated":true}]}}