{"id":462,"date":"2021-12-15T15:59:58","date_gmt":"2021-12-15T14:59:58","guid":{"rendered":"http:\/\/pfipolska.tech\/?page_id=462"},"modified":"2022-11-08T16:20:45","modified_gmt":"2022-11-08T15:20:45","slug":"komu-doradzamy","status":"publish","type":"page","link":"https:\/\/pfipolska.tech\/index.php\/komu-doradzamy\/","title":{"rendered":"Komu doradzamy"},"content":{"rendered":"\n<section id=\"wp-block-themeisle-blocks-advanced-columns-c35e1bf3\" class=\"wp-block-themeisle-blocks-advanced-columns alignfull has-3-columns has-desktop-equal-layout has-tablet-equal-layout has-mobile-collapsedRows-layout has-vertical-flex-start\"><div class=\"wp-block-themeisle-blocks-advanced-columns-overlay\"><\/div><div class=\"innerblocks-wrap\">\n<div id=\"wp-block-themeisle-blocks-advanced-column-7002fb8f\" class=\"wp-block-themeisle-blocks-advanced-column\">\n<figure class=\"wp-block-image size-large\"><img loading=\"lazy\" decoding=\"async\" width=\"1024\" height=\"1024\" src=\"https:\/\/pfipolska.tech\/wp-content\/uploads\/2022\/01\/PFI-duze-firmy-1024x1024.jpg\" alt=\"\" class=\"wp-image-522\" srcset=\"https:\/\/pfipolska.tech\/wp-content\/uploads\/2022\/01\/PFI-duze-firmy-1024x1024.jpg 1024w, https:\/\/pfipolska.tech\/wp-content\/uploads\/2022\/01\/PFI-duze-firmy-300x300.jpg 300w, https:\/\/pfipolska.tech\/wp-content\/uploads\/2022\/01\/PFI-duze-firmy-150x150.jpg 150w, https:\/\/pfipolska.tech\/wp-content\/uploads\/2022\/01\/PFI-duze-firmy-768x768.jpg 768w, https:\/\/pfipolska.tech\/wp-content\/uploads\/2022\/01\/PFI-duze-firmy-650x650.jpg 650w, https:\/\/pfipolska.tech\/wp-content\/uploads\/2022\/01\/PFI-duze-firmy-1300x1300.jpg 1300w, https:\/\/pfipolska.tech\/wp-content\/uploads\/2022\/01\/PFI-duze-firmy.jpg 1430w\" sizes=\"auto, (max-width: 1024px) 100vw, 1024px\" \/><\/figure>\n\n\n\n<h3 class=\"has-text-align-left wp-block-heading\">Du\u017ce, dojrza\u0142e firmy<\/h3>\n\n\n\n<p class=\"has-text-align-left\">Dojrza\u0142o\u015b\u0107 firmy przywodzi na my\u015bl takie poj\u0119cia jak:  profesjonalizm, doskona\u0142o\u015b\u0107 i konkurencyjno\u015b\u0107.<\/p>\n\n\n\n<p>Jest to zdolno\u015b\u0107 do:<\/p>\n\n\n\n<ul class=\"wp-block-list\">\n<li>Rozwijania i dopracowania przep\u0142ywu pracy w swojej firmie<\/li>\n\n\n\n<li>W\u0142\u0105czania nauki i nowej wiedzy do procedur pracy<\/li>\n\n\n\n<li>Upewniania si\u0119, \u017ce przyw\u00f3dztwo jest aktywne w ca\u0142ej organizacji i skupianie pracownik\u00f3w wok\u00f3\u0142 wsp\u00f3lnego celu<\/li>\n\n\n\n<li>Wykorzystanie technologii do stworzenia solidnego biznesu i usprawnionych procedur pracy.<\/li>\n<\/ul>\n\n\n\n<p><\/p>\n\n\n\n<div class=\"wp-block-buttons is-layout-flex wp-block-buttons-is-layout-flex\">\n<div class=\"wp-block-button is-style-secondary\"><a class=\"wp-block-button__link has-nv-c-2-color has-text-color wp-element-button\" href=\"https:\/\/pfipolska.tech\/index.php\/duze-dojrzale-firmy\/\">Learn More<\/a><\/div>\n<\/div>\n<\/div>\n\n\n\n<div id=\"wp-block-themeisle-blocks-advanced-column-3e5aec1f\" class=\"wp-block-themeisle-blocks-advanced-column\">\n<figure class=\"wp-block-image size-large\"><img loading=\"lazy\" decoding=\"async\" width=\"1024\" height=\"1024\" src=\"https:\/\/pfipolska.tech\/wp-content\/uploads\/2022\/01\/MSP-PFI-1024x1024.jpg\" alt=\"\" class=\"wp-image-523\" srcset=\"https:\/\/pfipolska.tech\/wp-content\/uploads\/2022\/01\/MSP-PFI-1024x1024.jpg 1024w, https:\/\/pfipolska.tech\/wp-content\/uploads\/2022\/01\/MSP-PFI-300x300.jpg 300w, https:\/\/pfipolska.tech\/wp-content\/uploads\/2022\/01\/MSP-PFI-150x150.jpg 150w, https:\/\/pfipolska.tech\/wp-content\/uploads\/2022\/01\/MSP-PFI-768x768.jpg 768w, https:\/\/pfipolska.tech\/wp-content\/uploads\/2022\/01\/MSP-PFI-650x650.jpg 650w, https:\/\/pfipolska.tech\/wp-content\/uploads\/2022\/01\/MSP-PFI.jpg 1280w\" sizes=\"auto, (max-width: 1024px) 100vw, 1024px\" \/><\/figure>\n\n\n\n<h3 class=\"has-text-align-left wp-block-heading\">M\u015aP &#8211; rozwijaj\u0105ce si\u0119<\/h3>\n\n\n\n<p>Ma\u0142e i \u015brednie przedsi\u0119biorstwa to g\u0142\u00f3wnie prywatne firmy, kt\u00f3rych kapita\u0142, si\u0142a robocza i aktywa nie przekraczaj\u0105 pewnego poziomu zgodnie z krajowymi wytycznymi. Charakteryzuj\u0105 si\u0119:<\/p>\n\n\n\n<ul class=\"wp-block-list\">\n<li>Ograniczonymi inwestycjami: wym\u00f3g kapita\u0142owy M\u015aP jest mniejszy, poniewa\u017c dzia\u0142a ono na ma\u0142\u0105 skal\u0119.<\/li>\n\n\n\n<li>Pracoch\u0142onno\u015bci\u0105: M\u015aP zazwyczaj nie wymagaj\u0105 ci\u0119\u017ckich lub skomplikowanych maszyn &#8211; wykorzystuj\u0105 wi\u0119cej technik pracoch\u0142onnych.<\/li>\n\n\n\n<li>Mniejsz\u0105 liczb\u0105 pracownik\u00f3w: M\u015aP wymaga mniejszej liczby os\u00f3b w por\u00f3wnaniu do du\u017cych korporacji, ze wzgl\u0119du na ma\u0142\u0105 skal\u0119 dzia\u0142ania.<\/li>\n\n\n\n<li>Lokalnym obszarem dzia\u0142ania: M\u015aP dzia\u0142aj\u0105 lokalnie i pozostaj\u0105 tam przez d\u0142u\u017cszy okres (lata, a mo\u017ce nawet dziesi\u0119ciolecia), co pomaga im w budowaniu silnych relacji z lokalnymi klientami.<\/li>\n\n\n\n<li>Zarz\u0105dzaniem: w wi\u0119kszo\u015bci przypadk\u00f3w, pojedynczy w\u0142a\u015bciciel lub ma\u0142a grupa os\u00f3b zajmuje si\u0119 zarz\u0105dzaniem przedsi\u0119biorstwem.<\/li>\n<\/ul>\n\n\n\n<p><\/p>\n\n\n\n<div class=\"wp-block-buttons is-layout-flex wp-block-buttons-is-layout-flex\">\n<div class=\"wp-block-button is-style-secondary\"><a class=\"wp-block-button__link has-nv-c-2-color has-text-color wp-element-button\" href=\"https:\/\/pfipolska.tech\/index.php\/rozwijajace-sie-msp\/\">Learn More<\/a><\/div>\n<\/div>\n<\/div>\n\n\n\n<div id=\"wp-block-themeisle-blocks-advanced-column-be60fbba\" class=\"wp-block-themeisle-blocks-advanced-column\">\n<figure class=\"wp-block-image size-large\"><img loading=\"lazy\" decoding=\"async\" width=\"1024\" height=\"1024\" src=\"https:\/\/pfipolska.tech\/wp-content\/uploads\/2022\/01\/PFI-Startup-1024x1024.jpg\" alt=\"\" class=\"wp-image-524\" srcset=\"https:\/\/pfipolska.tech\/wp-content\/uploads\/2022\/01\/PFI-Startup-1024x1024.jpg 1024w, https:\/\/pfipolska.tech\/wp-content\/uploads\/2022\/01\/PFI-Startup-300x300.jpg 300w, https:\/\/pfipolska.tech\/wp-content\/uploads\/2022\/01\/PFI-Startup-150x150.jpg 150w, https:\/\/pfipolska.tech\/wp-content\/uploads\/2022\/01\/PFI-Startup-768x767.jpg 768w, https:\/\/pfipolska.tech\/wp-content\/uploads\/2022\/01\/PFI-Startup-650x650.jpg 650w, https:\/\/pfipolska.tech\/wp-content\/uploads\/2022\/01\/PFI-Startup.jpg 1281w\" sizes=\"auto, (max-width: 1024px) 100vw, 1024px\" \/><\/figure>\n\n\n\n<h3 class=\"has-text-align-left wp-block-heading\">Ambitne start-upy<\/h3>\n\n\n\n<p>Startupy to m\u0142ode firmy za\u0142o\u017cone w celu opracowania unikalnego produktu lub us\u0142ugi, wprowadzenia go na rynek i sprawienia, \u017ce stanie si\u0119 on kusz\u0105cy i niezast\u0105piony dla klient\u00f3w.<\/p>\n\n\n\n<p>Startupy s\u0105 zakorzenione w innowacyjno\u015bci, zajmuj\u0105 si\u0119 brakami w istniej\u0105cych produktach lub tworz\u0105 zupe\u0142nie nowe kategorie towar\u00f3w i us\u0142ug, zaburzaj\u0105c w ten spos\u00f3b utrwalone sposoby my\u015blenia i prowadzenia biznesu w ca\u0142ych bran\u017cach. Dlatego te\u017c wiele startup\u00f3w jest znanych w swoich bran\u017cach jako &#8220;disruptorzy&#8221;.<\/p>\n\n\n\n<p>Startupy zazwyczaj zbieraj\u0105 pieni\u0105dze poprzez kilka rund finansowania:<\/p>\n\n\n\n<ul class=\"wp-block-list\">\n<li>runda wst\u0119pna, znana jako bootstrapping &#8211; za\u0142o\u017cyciele, ich przyjaciele i rodzina inwestuj\u0105 w firm\u0119.<\/li>\n\n\n\n<li>finansowanie zal\u0105\u017ckowe od tak zwanych &#8220;anio\u0142\u00f3w biznesu&#8221;, czyli zamo\u017cnych os\u00f3b, kt\u00f3re inwestuj\u0105 w firmy na wczesnym etapie rozwoju.<\/li>\n\n\n\n<li>nast\u0119pnie pojawiaj\u0105 si\u0119 rundy finansowania serii A, B, C i D, prowadzone g\u0142\u00f3wnie przez firmy venture capital, kt\u00f3re inwestuj\u0105 w firmy dziesi\u0105tki do setek milion\u00f3w dolar\u00f3w.<\/li>\n<\/ul>\n\n\n\n<div class=\"wp-block-buttons is-layout-flex wp-block-buttons-is-layout-flex\">\n<div class=\"wp-block-button is-style-secondary\"><a class=\"wp-block-button__link has-nv-c-2-color has-text-color wp-element-button\" href=\"https:\/\/pfipolska.tech\/index.php\/satrt-up\/\">Learn More<\/a><\/div>\n<\/div>\n<\/div>\n<\/div><\/section>\n","protected":false},"excerpt":{"rendered":"","protected":false},"author":2,"featured_media":0,"parent":0,"menu_order":0,"comment_status":"closed","ping_status":"closed","template":"","meta":{"neve_meta_sidebar":"","neve_meta_container":"","neve_meta_enable_content_width":"","neve_meta_content_width":0,"neve_meta_title_alignment":"","neve_meta_author_avatar":"","neve_post_elements_order":"","neve_meta_disable_header":"","neve_meta_disable_footer":"","neve_meta_disable_title":"","_themeisle_gutenberg_block_has_review":false,"footnotes":""},"class_list":["post-462","page","type-page","status-publish","hentry"],"yoast_head":"<!-- This site is optimized with the Yoast SEO plugin v27.6 - https:\/\/yoast.com\/product\/yoast-seo-wordpress\/ -->\n<title>Doradztwo Dotacyjne - PFI Polska<\/title>\n<meta name=\"description\" content=\"Doradztwo w poszukiwaniu i rozliczeniu projekt\u00f3w realizowanych przez M\u015aP , du\u017ce dojrzale firmy oraz ambitne start-upy.\" \/>\n<meta name=\"robots\" content=\"index, follow, max-snippet:-1, max-image-preview:large, max-video-preview:-1\" \/>\n<link rel=\"canonical\" href=\"https:\/\/pfipolska.tech\/index.php\/komu-doradzamy\/\" \/>\n<meta property=\"og:locale\" content=\"pl_PL\" \/>\n<meta property=\"og:type\" content=\"article\" \/>\n<meta property=\"og:title\" content=\"Doradztwo Dotacyjne - PFI Polska\" \/>\n<meta property=\"og:description\" content=\"Doradztwo w poszukiwaniu i rozliczeniu projekt\u00f3w realizowanych przez M\u015aP , du\u017ce dojrzale firmy oraz ambitne start-upy.\" \/>\n<meta property=\"og:url\" content=\"https:\/\/pfipolska.tech\/index.php\/komu-doradzamy\/\" \/>\n<meta property=\"og:site_name\" content=\"PFI Polska\" \/>\n<meta property=\"article:modified_time\" content=\"2022-11-08T15:20:45+00:00\" \/>\n<meta property=\"og:image\" content=\"http:\/\/pfipolska.tech\/wp-content\/uploads\/2022\/01\/PFI-duze-firmy-1024x1024.jpg\" \/>\n<meta name=\"twitter:card\" content=\"summary_large_image\" \/>\n<meta name=\"twitter:label1\" content=\"Szacowany czas czytania\" \/>\n\t<meta name=\"twitter:data1\" content=\"3 minuty\" \/>\n<script type=\"application\/ld+json\" class=\"yoast-schema-graph\">{\"@context\":\"https:\\\/\\\/schema.org\",\"@graph\":[{\"@type\":\"WebPage\",\"@id\":\"https:\\\/\\\/pfipolska.tech\\\/index.php\\\/komu-doradzamy\\\/\",\"url\":\"https:\\\/\\\/pfipolska.tech\\\/index.php\\\/komu-doradzamy\\\/\",\"name\":\"Doradztwo Dotacyjne - PFI Polska\",\"isPartOf\":{\"@id\":\"https:\\\/\\\/pfipolska.tech\\\/#website\"},\"primaryImageOfPage\":{\"@id\":\"https:\\\/\\\/pfipolska.tech\\\/index.php\\\/komu-doradzamy\\\/#primaryimage\"},\"image\":{\"@id\":\"https:\\\/\\\/pfipolska.tech\\\/index.php\\\/komu-doradzamy\\\/#primaryimage\"},\"thumbnailUrl\":\"http:\\\/\\\/pfipolska.tech\\\/wp-content\\\/uploads\\\/2022\\\/01\\\/PFI-duze-firmy-1024x1024.jpg\",\"datePublished\":\"2021-12-15T14:59:58+00:00\",\"dateModified\":\"2022-11-08T15:20:45+00:00\",\"description\":\"Doradztwo w poszukiwaniu i rozliczeniu projekt\u00f3w realizowanych przez M\u015aP , du\u017ce dojrzale firmy oraz ambitne start-upy.\",\"breadcrumb\":{\"@id\":\"https:\\\/\\\/pfipolska.tech\\\/index.php\\\/komu-doradzamy\\\/#breadcrumb\"},\"inLanguage\":\"pl-PL\",\"potentialAction\":[{\"@type\":\"ReadAction\",\"target\":[\"https:\\\/\\\/pfipolska.tech\\\/index.php\\\/komu-doradzamy\\\/\"]}]},{\"@type\":\"ImageObject\",\"inLanguage\":\"pl-PL\",\"@id\":\"https:\\\/\\\/pfipolska.tech\\\/index.php\\\/komu-doradzamy\\\/#primaryimage\",\"url\":\"https:\\\/\\\/pfipolska.tech\\\/wp-content\\\/uploads\\\/2022\\\/01\\\/PFI-duze-firmy.jpg\",\"contentUrl\":\"https:\\\/\\\/pfipolska.tech\\\/wp-content\\\/uploads\\\/2022\\\/01\\\/PFI-duze-firmy.jpg\",\"width\":1430,\"height\":1430},{\"@type\":\"BreadcrumbList\",\"@id\":\"https:\\\/\\\/pfipolska.tech\\\/index.php\\\/komu-doradzamy\\\/#breadcrumb\",\"itemListElement\":[{\"@type\":\"ListItem\",\"position\":1,\"name\":\"Strona g\u0142\u00f3wna\",\"item\":\"https:\\\/\\\/pfipolska.tech\\\/\"},{\"@type\":\"ListItem\",\"position\":2,\"name\":\"Komu doradzamy\"}]},{\"@type\":\"WebSite\",\"@id\":\"https:\\\/\\\/pfipolska.tech\\\/#website\",\"url\":\"https:\\\/\\\/pfipolska.tech\\\/\",\"name\":\"PFI Polska\",\"description\":\"Kolejna witryna oparta na WordPressie\",\"publisher\":{\"@id\":\"https:\\\/\\\/pfipolska.tech\\\/#organization\"},\"alternateName\":\"PFI\",\"potentialAction\":[{\"@type\":\"SearchAction\",\"target\":{\"@type\":\"EntryPoint\",\"urlTemplate\":\"https:\\\/\\\/pfipolska.tech\\\/?s={search_term_string}\"},\"query-input\":{\"@type\":\"PropertyValueSpecification\",\"valueRequired\":true,\"valueName\":\"search_term_string\"}}],\"inLanguage\":\"pl-PL\"},{\"@type\":\"Organization\",\"@id\":\"https:\\\/\\\/pfipolska.tech\\\/#organization\",\"name\":\"PFI POLSKA\",\"alternateName\":\"PFI\",\"url\":\"https:\\\/\\\/pfipolska.tech\\\/\",\"logo\":{\"@type\":\"ImageObject\",\"inLanguage\":\"pl-PL\",\"@id\":\"https:\\\/\\\/pfipolska.tech\\\/#\\\/schema\\\/logo\\\/image\\\/\",\"url\":\"https:\\\/\\\/pfipolska.tech\\\/wp-content\\\/uploads\\\/2021\\\/12\\\/cropped-cropped-kolorLogo-1000x1000-1.png\",\"contentUrl\":\"https:\\\/\\\/pfipolska.tech\\\/wp-content\\\/uploads\\\/2021\\\/12\\\/cropped-cropped-kolorLogo-1000x1000-1.png\",\"width\":512,\"height\":512,\"caption\":\"PFI POLSKA\"},\"image\":{\"@id\":\"https:\\\/\\\/pfipolska.tech\\\/#\\\/schema\\\/logo\\\/image\\\/\"}}]}<\/script>\n<!-- \/ Yoast SEO plugin. -->","yoast_head_json":{"title":"Doradztwo Dotacyjne - PFI Polska","description":"Doradztwo w poszukiwaniu i rozliczeniu projekt\u00f3w realizowanych przez M\u015aP , du\u017ce dojrzale firmy oraz ambitne start-upy.","robots":{"index":"index","follow":"follow","max-snippet":"max-snippet:-1","max-image-preview":"max-image-preview:large","max-video-preview":"max-video-preview:-1"},"canonical":"https:\/\/pfipolska.tech\/index.php\/komu-doradzamy\/","og_locale":"pl_PL","og_type":"article","og_title":"Doradztwo Dotacyjne - PFI Polska","og_description":"Doradztwo w poszukiwaniu i rozliczeniu projekt\u00f3w realizowanych przez M\u015aP , du\u017ce dojrzale firmy oraz ambitne start-upy.","og_url":"https:\/\/pfipolska.tech\/index.php\/komu-doradzamy\/","og_site_name":"PFI Polska","article_modified_time":"2022-11-08T15:20:45+00:00","og_image":[{"url":"http:\/\/pfipolska.tech\/wp-content\/uploads\/2022\/01\/PFI-duze-firmy-1024x1024.jpg","type":"","width":"","height":""}],"twitter_card":"summary_large_image","twitter_misc":{"Szacowany czas czytania":"3 minuty"},"schema":{"@context":"https:\/\/schema.org","@graph":[{"@type":"WebPage","@id":"https:\/\/pfipolska.tech\/index.php\/komu-doradzamy\/","url":"https:\/\/pfipolska.tech\/index.php\/komu-doradzamy\/","name":"Doradztwo Dotacyjne - PFI Polska","isPartOf":{"@id":"https:\/\/pfipolska.tech\/#website"},"primaryImageOfPage":{"@id":"https:\/\/pfipolska.tech\/index.php\/komu-doradzamy\/#primaryimage"},"image":{"@id":"https:\/\/pfipolska.tech\/index.php\/komu-doradzamy\/#primaryimage"},"thumbnailUrl":"http:\/\/pfipolska.tech\/wp-content\/uploads\/2022\/01\/PFI-duze-firmy-1024x1024.jpg","datePublished":"2021-12-15T14:59:58+00:00","dateModified":"2022-11-08T15:20:45+00:00","description":"Doradztwo w poszukiwaniu i rozliczeniu projekt\u00f3w realizowanych przez M\u015aP , du\u017ce dojrzale firmy oraz ambitne start-upy.","breadcrumb":{"@id":"https:\/\/pfipolska.tech\/index.php\/komu-doradzamy\/#breadcrumb"},"inLanguage":"pl-PL","potentialAction":[{"@type":"ReadAction","target":["https:\/\/pfipolska.tech\/index.php\/komu-doradzamy\/"]}]},{"@type":"ImageObject","inLanguage":"pl-PL","@id":"https:\/\/pfipolska.tech\/index.php\/komu-doradzamy\/#primaryimage","url":"https:\/\/pfipolska.tech\/wp-content\/uploads\/2022\/01\/PFI-duze-firmy.jpg","contentUrl":"https:\/\/pfipolska.tech\/wp-content\/uploads\/2022\/01\/PFI-duze-firmy.jpg","width":1430,"height":1430},{"@type":"BreadcrumbList","@id":"https:\/\/pfipolska.tech\/index.php\/komu-doradzamy\/#breadcrumb","itemListElement":[{"@type":"ListItem","position":1,"name":"Strona g\u0142\u00f3wna","item":"https:\/\/pfipolska.tech\/"},{"@type":"ListItem","position":2,"name":"Komu doradzamy"}]},{"@type":"WebSite","@id":"https:\/\/pfipolska.tech\/#website","url":"https:\/\/pfipolska.tech\/","name":"PFI Polska","description":"Kolejna witryna oparta na WordPressie","publisher":{"@id":"https:\/\/pfipolska.tech\/#organization"},"alternateName":"PFI","potentialAction":[{"@type":"SearchAction","target":{"@type":"EntryPoint","urlTemplate":"https:\/\/pfipolska.tech\/?s={search_term_string}"},"query-input":{"@type":"PropertyValueSpecification","valueRequired":true,"valueName":"search_term_string"}}],"inLanguage":"pl-PL"},{"@type":"Organization","@id":"https:\/\/pfipolska.tech\/#organization","name":"PFI POLSKA","alternateName":"PFI","url":"https:\/\/pfipolska.tech\/","logo":{"@type":"ImageObject","inLanguage":"pl-PL","@id":"https:\/\/pfipolska.tech\/#\/schema\/logo\/image\/","url":"https:\/\/pfipolska.tech\/wp-content\/uploads\/2021\/12\/cropped-cropped-kolorLogo-1000x1000-1.png","contentUrl":"https:\/\/pfipolska.tech\/wp-content\/uploads\/2021\/12\/cropped-cropped-kolorLogo-1000x1000-1.png","width":512,"height":512,"caption":"PFI POLSKA"},"image":{"@id":"https:\/\/pfipolska.tech\/#\/schema\/logo\/image\/"}}]}},"_links":{"self":[{"href":"https:\/\/pfipolska.tech\/index.php\/wp-json\/wp\/v2\/pages\/462","targetHints":{"allow":["GET"]}}],"collection":[{"href":"https:\/\/pfipolska.tech\/index.php\/wp-json\/wp\/v2\/pages"}],"about":[{"href":"https:\/\/pfipolska.tech\/index.php\/wp-json\/wp\/v2\/types\/page"}],"author":[{"embeddable":true,"href":"https:\/\/pfipolska.tech\/index.php\/wp-json\/wp\/v2\/users\/2"}],"replies":[{"embeddable":true,"href":"https:\/\/pfipolska.tech\/index.php\/wp-json\/wp\/v2\/comments?post=462"}],"version-history":[{"count":18,"href":"https:\/\/pfipolska.tech\/index.php\/wp-json\/wp\/v2\/pages\/462\/revisions"}],"predecessor-version":[{"id":808,"href":"https:\/\/pfipolska.tech\/index.php\/wp-json\/wp\/v2\/pages\/462\/revisions\/808"}],"wp:attachment":[{"href":"https:\/\/pfipolska.tech\/index.php\/wp-json\/wp\/v2\/media?parent=462"}],"curies":[{"name":"wp","href":"https:\/\/api.w.org\/{rel}","templated":true}]}}