{"id":460,"date":"2021-12-15T15:59:22","date_gmt":"2021-12-15T14:59:22","guid":{"rendered":"http:\/\/pfipolska.tech\/?page_id=460"},"modified":"2024-02-01T15:19:43","modified_gmt":"2024-02-01T14:19:43","slug":"innowacje","status":"publish","type":"page","link":"https:\/\/pfipolska.tech\/index.php\/innowacje\/","title":{"rendered":"O innowacjach"},"content":{"rendered":"\n<div id=\"wp-block-themeisle-blocks-advanced-columns-dfd643f3\" class=\"wp-block-themeisle-blocks-advanced-columns alignfull has-1-columns has-desktop-equal-layout has-tablet-equal-layout has-mobile-collapsedRows-layout has-reverse-columns-mobile has-vertical-center ticss-c00aadba\"><div class=\"wp-block-themeisle-blocks-advanced-columns-overlay\"><\/div><div class=\"innerblocks-wrap\">\n<div id=\"wp-block-themeisle-blocks-advanced-column-eefb8312\" class=\"wp-block-themeisle-blocks-advanced-column\">\n<div class=\"wp-block-columns is-layout-flex wp-container-core-columns-is-layout-9d6595d7 wp-block-columns-is-layout-flex\">\n<div class=\"wp-block-column is-layout-flow wp-block-column-is-layout-flow\">\n<h2 class=\"wp-block-heading has-text-align-right has-text-color\" style=\"color:#54b9c0\"><mark style=\"background-color:rgba(0, 0, 0, 0);color:#2897a0\" class=\"has-inline-color\">&#8230;wiemy niemal wszystko<\/mark><\/h2>\n<\/div>\n\n\n\n<div class=\"wp-block-column is-layout-flow wp-block-column-is-layout-flow\"><\/div>\n<\/div>\n<\/div>\n<\/div><\/div>\n\n\n\n<div class=\"wp-block-columns is-layout-flex wp-container-core-columns-is-layout-9d6595d7 wp-block-columns-is-layout-flex\">\n<div class=\"wp-block-column is-layout-flow wp-block-column-is-layout-flow\" style=\"flex-basis:100%\">\n<div class=\"wp-block-group\"><div class=\"wp-block-group__inner-container is-layout-constrained wp-block-group-is-layout-constrained\">\n<div class=\"wp-block-columns is-layout-flex wp-container-core-columns-is-layout-9d6595d7 wp-block-columns-is-layout-flex\">\n<div class=\"wp-block-column is-layout-flow wp-block-column-is-layout-flow\">\n<div class=\"wp-block-columns is-layout-flex wp-container-core-columns-is-layout-9d6595d7 wp-block-columns-is-layout-flex\">\n<div class=\"wp-block-column is-layout-flow wp-block-column-is-layout-flow\" style=\"flex-basis:100%\">\n<figure class=\"wp-block-gallery has-nested-images columns-default is-cropped wp-block-gallery-1 is-layout-flex wp-block-gallery-is-layout-flex\">\n<figure class=\"wp-block-image size-large\"><img loading=\"lazy\" decoding=\"async\" width=\"1024\" height=\"1024\" data-id=\"495\" src=\"https:\/\/pfipolska.tech\/wp-content\/uploads\/2021\/12\/Lady-z-maska-1024x1024.jpg\" alt=\"\" class=\"wp-image-495\" srcset=\"https:\/\/pfipolska.tech\/wp-content\/uploads\/2021\/12\/Lady-z-maska-1024x1024.jpg 1024w, https:\/\/pfipolska.tech\/wp-content\/uploads\/2021\/12\/Lady-z-maska-300x300.jpg 300w, https:\/\/pfipolska.tech\/wp-content\/uploads\/2021\/12\/Lady-z-maska-150x150.jpg 150w, https:\/\/pfipolska.tech\/wp-content\/uploads\/2021\/12\/Lady-z-maska-768x769.jpg 768w, https:\/\/pfipolska.tech\/wp-content\/uploads\/2021\/12\/Lady-z-maska-650x650.jpg 650w, https:\/\/pfipolska.tech\/wp-content\/uploads\/2021\/12\/Lady-z-maska-600x600.jpg 600w, https:\/\/pfipolska.tech\/wp-content\/uploads\/2021\/12\/Lady-z-maska-100x100.jpg 100w, https:\/\/pfipolska.tech\/wp-content\/uploads\/2021\/12\/Lady-z-maska.jpg 1294w\" sizes=\"auto, (max-width: 1024px) 100vw, 1024px\" \/><\/figure>\n<\/figure>\n<\/div>\n<\/div>\n<\/div>\n\n\n\n<div class=\"wp-block-column is-layout-flow wp-block-column-is-layout-flow\" style=\"flex-basis:8px\"><\/div>\n\n\n\n<div class=\"wp-block-column is-layout-flow wp-block-column-is-layout-flow\">\n<p>Innowacje mo\u017cna interpretowa\u0107 w dw\u00f3ch uj\u0119ciach: w\u0105skim lub szerokim. Pierwotnie, na pocz\u0105tku lat 70. XX wieku, innowacje kojarzono przede wszystkim z dziedzin\u0105 techniki. Wraz z rozwojem gospodarki, pojmowanie innowacji zmieni\u0142o si\u0119 i obecnie rozumie si\u0119 je du\u017co szerzej, uwzgl\u0119dniaj\u0105c r\u00f3wnie\u017c czynniki ekonomiczne. <\/p>\n\n\n\n<p>Uj\u0119cie w\u0105skie definiuje innowacj\u0119 jako zmian\u0119 w metodach wytwarzania i produktach, opart\u0105 na nowej lub nie wykorzystanej dot\u0105d wiedzy, pierwsze zastosowanie wynalazku czy wprowadzenie do handlu nowego produktu, procesu lub urz\u0105dzenia. Nale\u017cy jednak pami\u0119ta\u0107, \u017ce innowacj\u0105 w powy\u017cszym uj\u0119ciu powinna by\u0107 nowo\u015b\u0107 w skali \u015bwiatowej. <\/p>\n\n\n\n<p>Uj\u0119cie szerokie definiuje innowacj\u0119 jako ka\u017cd\u0105 zmian\u0119 w produkcji, opart\u0105 na wykorzystaniu przyswojonej wiedzy i rozwi\u0105zywaniu z\u0142o\u017conych problem\u00f3w, co ma prowadzi\u0107 do nowo\u015bci. Innowacja nie jest tu ograniczona do proces\u00f3w technicznych, a raczej ma wymiar ekonomiczny lub spo\u0142eczny. P.F. Drucker przyj\u0105\u0142 wa\u017cn\u0105 perspektyw\u0119 na innowacje, stwierdzaj\u0105c, \u017ce przyczynkiem do innowacji mo\u017ce by\u0107 zwyk\u0142a obserwacja rynku i analiza jego potrzeb, a nie tylko czynnik techniczny. Obecnie, w uj\u0119ciu szerokim innowacji, nie ma znaczenia, na jakim obszarze funkcjonowania przedsi\u0119biorstwa dokonywana jest zmiana. Wa\u017cne jest, aby zmiana ta mia\u0142a miejsce. Nale\u017cy jednak zachowa\u0107 ostro\u017cno\u015b\u0107, gdy\u017c cz\u0119sto zdarza si\u0119, \u017ce ka\u017cda zmiana w dzia\u0142aniu przedsi\u0119biorstwa jest okre\u015blana jako innowacja, co nie zawsze jest s\u0142uszne. <\/p>\n\n\n\n<p>Aby utrzyma\u0107 si\u0119 na odpowiednim poziomie konkurencyjno\u015bci, ka\u017cda firma musi wprowadza\u0107 usprawnienia i podejmowa\u0107 decyzje korzystnie modyfikuj\u0105ce jej dzia\u0142alno\u015b\u0107, nie tylko na polu technicznym, ale r\u00f3wnie\u017c produkcyjnym, procesowym, marketingowym czy organizacyjnym. Dzia\u0142ania te mog\u0105 wp\u0142ywa\u0107 na struktur\u0119 maj\u0105tku trwa\u0142ego i obrotowego przedsi\u0119biorstwa, struktur\u0119 organizacyjn\u0105, rodzaj wytwarzanych produkt\u00f3w czy wiele innych aspekt\u00f3w. Jednak\u017ce, nie ka\u017cda taka zmiana mo\u017ce by\u0107 zaliczona do innowacji.<\/p>\n<\/div>\n<\/div>\n<\/div><\/div>\n<\/div>\n<\/div>\n","protected":false},"excerpt":{"rendered":"<p>Innowacje mo\u017cna interpretowa\u0107 w dw\u00f3ch uj\u0119ciach: w\u0105skim lub szerokim. Pierwotnie, na pocz\u0105tku lat 70. XX wieku, innowacje kojarzono przede wszystkim z dziedzin\u0105 techniki. Wraz z rozwojem gospodarki, pojmowanie innowacji zmieni\u0142o si\u0119 i obecnie rozumie si\u0119 je du\u017co szerzej, uwzgl\u0119dniaj\u0105c r\u00f3wnie\u017c czynniki ekonomiczne. Uj\u0119cie w\u0105skie definiuje innowacj\u0119 jako zmian\u0119 w metodach wytwarzania i produktach, opart\u0105 na&hellip;&nbsp;<a href=\"https:\/\/pfipolska.tech\/index.php\/innowacje\/\" rel=\"bookmark\">Dowiedz si\u0119 wi\u0119cej &raquo;<span class=\"screen-reader-text\">O innowacjach<\/span><\/a><\/p>\n","protected":false},"author":2,"featured_media":0,"parent":0,"menu_order":0,"comment_status":"closed","ping_status":"closed","template":"","meta":{"neve_meta_sidebar":"","neve_meta_container":"","neve_meta_enable_content_width":"","neve_meta_content_width":0,"neve_meta_title_alignment":"","neve_meta_author_avatar":"","neve_post_elements_order":"","neve_meta_disable_header":"","neve_meta_disable_footer":"","neve_meta_disable_title":"","_themeisle_gutenberg_block_has_review":false,"footnotes":""},"class_list":["post-460","page","type-page","status-publish","hentry"],"yoast_head":"<!-- This site is optimized with the Yoast SEO plugin v27.6 - https:\/\/yoast.com\/product\/yoast-seo-wordpress\/ -->\n<title>Dotacje na Innowacje - PFI Polska<\/title>\n<meta name=\"description\" content=\"Dotacje na Innowacje. O innowacjach wiemy niemal wszystko.\" \/>\n<meta name=\"robots\" content=\"index, follow, max-snippet:-1, max-image-preview:large, max-video-preview:-1\" \/>\n<link rel=\"canonical\" href=\"https:\/\/pfipolska.tech\/index.php\/innowacje\/\" \/>\n<meta property=\"og:locale\" content=\"pl_PL\" \/>\n<meta property=\"og:type\" content=\"article\" \/>\n<meta property=\"og:title\" content=\"Dotacje na Innowacje - PFI Polska\" \/>\n<meta property=\"og:description\" content=\"Dotacje na Innowacje. O innowacjach wiemy niemal wszystko.\" \/>\n<meta property=\"og:url\" content=\"https:\/\/pfipolska.tech\/index.php\/innowacje\/\" \/>\n<meta property=\"og:site_name\" content=\"PFI Polska\" \/>\n<meta property=\"article:modified_time\" content=\"2024-02-01T14:19:43+00:00\" \/>\n<meta property=\"og:image\" content=\"https:\/\/pfipolska.tech\/wp-content\/uploads\/2021\/12\/Lady-z-maska-1024x1024.jpg\" \/>\n<meta name=\"twitter:card\" content=\"summary_large_image\" \/>\n<meta name=\"twitter:label1\" content=\"Szacowany czas czytania\" \/>\n\t<meta name=\"twitter:data1\" content=\"2 minuty\" \/>\n<script type=\"application\/ld+json\" class=\"yoast-schema-graph\">{\"@context\":\"https:\\\/\\\/schema.org\",\"@graph\":[{\"@type\":\"WebPage\",\"@id\":\"https:\\\/\\\/pfipolska.tech\\\/index.php\\\/innowacje\\\/\",\"url\":\"https:\\\/\\\/pfipolska.tech\\\/index.php\\\/innowacje\\\/\",\"name\":\"Dotacje na Innowacje - PFI Polska\",\"isPartOf\":{\"@id\":\"https:\\\/\\\/pfipolska.tech\\\/#website\"},\"primaryImageOfPage\":{\"@id\":\"https:\\\/\\\/pfipolska.tech\\\/index.php\\\/innowacje\\\/#primaryimage\"},\"image\":{\"@id\":\"https:\\\/\\\/pfipolska.tech\\\/index.php\\\/innowacje\\\/#primaryimage\"},\"thumbnailUrl\":\"https:\\\/\\\/pfipolska.tech\\\/wp-content\\\/uploads\\\/2021\\\/12\\\/Lady-z-maska-1024x1024.jpg\",\"datePublished\":\"2021-12-15T14:59:22+00:00\",\"dateModified\":\"2024-02-01T14:19:43+00:00\",\"description\":\"Dotacje na Innowacje. O innowacjach wiemy niemal wszystko.\",\"breadcrumb\":{\"@id\":\"https:\\\/\\\/pfipolska.tech\\\/index.php\\\/innowacje\\\/#breadcrumb\"},\"inLanguage\":\"pl-PL\",\"potentialAction\":[{\"@type\":\"ReadAction\",\"target\":[\"https:\\\/\\\/pfipolska.tech\\\/index.php\\\/innowacje\\\/\"]}]},{\"@type\":\"ImageObject\",\"inLanguage\":\"pl-PL\",\"@id\":\"https:\\\/\\\/pfipolska.tech\\\/index.php\\\/innowacje\\\/#primaryimage\",\"url\":\"https:\\\/\\\/pfipolska.tech\\\/wp-content\\\/uploads\\\/2021\\\/12\\\/Lady-z-maska.jpg\",\"contentUrl\":\"https:\\\/\\\/pfipolska.tech\\\/wp-content\\\/uploads\\\/2021\\\/12\\\/Lady-z-maska.jpg\",\"width\":1294,\"height\":1295},{\"@type\":\"BreadcrumbList\",\"@id\":\"https:\\\/\\\/pfipolska.tech\\\/index.php\\\/innowacje\\\/#breadcrumb\",\"itemListElement\":[{\"@type\":\"ListItem\",\"position\":1,\"name\":\"Strona g\u0142\u00f3wna\",\"item\":\"https:\\\/\\\/pfipolska.tech\\\/\"},{\"@type\":\"ListItem\",\"position\":2,\"name\":\"O innowacjach\"}]},{\"@type\":\"WebSite\",\"@id\":\"https:\\\/\\\/pfipolska.tech\\\/#website\",\"url\":\"https:\\\/\\\/pfipolska.tech\\\/\",\"name\":\"PFI Polska\",\"description\":\"Kolejna witryna oparta na WordPressie\",\"publisher\":{\"@id\":\"https:\\\/\\\/pfipolska.tech\\\/#organization\"},\"alternateName\":\"PFI\",\"potentialAction\":[{\"@type\":\"SearchAction\",\"target\":{\"@type\":\"EntryPoint\",\"urlTemplate\":\"https:\\\/\\\/pfipolska.tech\\\/?s={search_term_string}\"},\"query-input\":{\"@type\":\"PropertyValueSpecification\",\"valueRequired\":true,\"valueName\":\"search_term_string\"}}],\"inLanguage\":\"pl-PL\"},{\"@type\":\"Organization\",\"@id\":\"https:\\\/\\\/pfipolska.tech\\\/#organization\",\"name\":\"PFI POLSKA\",\"alternateName\":\"PFI\",\"url\":\"https:\\\/\\\/pfipolska.tech\\\/\",\"logo\":{\"@type\":\"ImageObject\",\"inLanguage\":\"pl-PL\",\"@id\":\"https:\\\/\\\/pfipolska.tech\\\/#\\\/schema\\\/logo\\\/image\\\/\",\"url\":\"https:\\\/\\\/pfipolska.tech\\\/wp-content\\\/uploads\\\/2021\\\/12\\\/cropped-cropped-kolorLogo-1000x1000-1.png\",\"contentUrl\":\"https:\\\/\\\/pfipolska.tech\\\/wp-content\\\/uploads\\\/2021\\\/12\\\/cropped-cropped-kolorLogo-1000x1000-1.png\",\"width\":512,\"height\":512,\"caption\":\"PFI POLSKA\"},\"image\":{\"@id\":\"https:\\\/\\\/pfipolska.tech\\\/#\\\/schema\\\/logo\\\/image\\\/\"}}]}<\/script>\n<!-- \/ Yoast SEO plugin. -->","yoast_head_json":{"title":"Dotacje na Innowacje - PFI Polska","description":"Dotacje na Innowacje. O innowacjach wiemy niemal wszystko.","robots":{"index":"index","follow":"follow","max-snippet":"max-snippet:-1","max-image-preview":"max-image-preview:large","max-video-preview":"max-video-preview:-1"},"canonical":"https:\/\/pfipolska.tech\/index.php\/innowacje\/","og_locale":"pl_PL","og_type":"article","og_title":"Dotacje na Innowacje - PFI Polska","og_description":"Dotacje na Innowacje. O innowacjach wiemy niemal wszystko.","og_url":"https:\/\/pfipolska.tech\/index.php\/innowacje\/","og_site_name":"PFI Polska","article_modified_time":"2024-02-01T14:19:43+00:00","og_image":[{"url":"https:\/\/pfipolska.tech\/wp-content\/uploads\/2021\/12\/Lady-z-maska-1024x1024.jpg","type":"","width":"","height":""}],"twitter_card":"summary_large_image","twitter_misc":{"Szacowany czas czytania":"2 minuty"},"schema":{"@context":"https:\/\/schema.org","@graph":[{"@type":"WebPage","@id":"https:\/\/pfipolska.tech\/index.php\/innowacje\/","url":"https:\/\/pfipolska.tech\/index.php\/innowacje\/","name":"Dotacje na Innowacje - PFI Polska","isPartOf":{"@id":"https:\/\/pfipolska.tech\/#website"},"primaryImageOfPage":{"@id":"https:\/\/pfipolska.tech\/index.php\/innowacje\/#primaryimage"},"image":{"@id":"https:\/\/pfipolska.tech\/index.php\/innowacje\/#primaryimage"},"thumbnailUrl":"https:\/\/pfipolska.tech\/wp-content\/uploads\/2021\/12\/Lady-z-maska-1024x1024.jpg","datePublished":"2021-12-15T14:59:22+00:00","dateModified":"2024-02-01T14:19:43+00:00","description":"Dotacje na Innowacje. O innowacjach wiemy niemal wszystko.","breadcrumb":{"@id":"https:\/\/pfipolska.tech\/index.php\/innowacje\/#breadcrumb"},"inLanguage":"pl-PL","potentialAction":[{"@type":"ReadAction","target":["https:\/\/pfipolska.tech\/index.php\/innowacje\/"]}]},{"@type":"ImageObject","inLanguage":"pl-PL","@id":"https:\/\/pfipolska.tech\/index.php\/innowacje\/#primaryimage","url":"https:\/\/pfipolska.tech\/wp-content\/uploads\/2021\/12\/Lady-z-maska.jpg","contentUrl":"https:\/\/pfipolska.tech\/wp-content\/uploads\/2021\/12\/Lady-z-maska.jpg","width":1294,"height":1295},{"@type":"BreadcrumbList","@id":"https:\/\/pfipolska.tech\/index.php\/innowacje\/#breadcrumb","itemListElement":[{"@type":"ListItem","position":1,"name":"Strona g\u0142\u00f3wna","item":"https:\/\/pfipolska.tech\/"},{"@type":"ListItem","position":2,"name":"O innowacjach"}]},{"@type":"WebSite","@id":"https:\/\/pfipolska.tech\/#website","url":"https:\/\/pfipolska.tech\/","name":"PFI Polska","description":"Kolejna witryna oparta na WordPressie","publisher":{"@id":"https:\/\/pfipolska.tech\/#organization"},"alternateName":"PFI","potentialAction":[{"@type":"SearchAction","target":{"@type":"EntryPoint","urlTemplate":"https:\/\/pfipolska.tech\/?s={search_term_string}"},"query-input":{"@type":"PropertyValueSpecification","valueRequired":true,"valueName":"search_term_string"}}],"inLanguage":"pl-PL"},{"@type":"Organization","@id":"https:\/\/pfipolska.tech\/#organization","name":"PFI POLSKA","alternateName":"PFI","url":"https:\/\/pfipolska.tech\/","logo":{"@type":"ImageObject","inLanguage":"pl-PL","@id":"https:\/\/pfipolska.tech\/#\/schema\/logo\/image\/","url":"https:\/\/pfipolska.tech\/wp-content\/uploads\/2021\/12\/cropped-cropped-kolorLogo-1000x1000-1.png","contentUrl":"https:\/\/pfipolska.tech\/wp-content\/uploads\/2021\/12\/cropped-cropped-kolorLogo-1000x1000-1.png","width":512,"height":512,"caption":"PFI POLSKA"},"image":{"@id":"https:\/\/pfipolska.tech\/#\/schema\/logo\/image\/"}}]}},"_links":{"self":[{"href":"https:\/\/pfipolska.tech\/index.php\/wp-json\/wp\/v2\/pages\/460","targetHints":{"allow":["GET"]}}],"collection":[{"href":"https:\/\/pfipolska.tech\/index.php\/wp-json\/wp\/v2\/pages"}],"about":[{"href":"https:\/\/pfipolska.tech\/index.php\/wp-json\/wp\/v2\/types\/page"}],"author":[{"embeddable":true,"href":"https:\/\/pfipolska.tech\/index.php\/wp-json\/wp\/v2\/users\/2"}],"replies":[{"embeddable":true,"href":"https:\/\/pfipolska.tech\/index.php\/wp-json\/wp\/v2\/comments?post=460"}],"version-history":[{"count":14,"href":"https:\/\/pfipolska.tech\/index.php\/wp-json\/wp\/v2\/pages\/460\/revisions"}],"predecessor-version":[{"id":919,"href":"https:\/\/pfipolska.tech\/index.php\/wp-json\/wp\/v2\/pages\/460\/revisions\/919"}],"wp:attachment":[{"href":"https:\/\/pfipolska.tech\/index.php\/wp-json\/wp\/v2\/media?parent=460"}],"curies":[{"name":"wp","href":"https:\/\/api.w.org\/{rel}","templated":true}]}}