{"id":375,"date":"2019-11-26T12:23:06","date_gmt":"2019-11-26T12:23:06","guid":{"rendered":"https:\/\/demosites.io\/blogger-gb\/?page_id=6"},"modified":"2025-11-12T19:25:08","modified_gmt":"2025-11-12T18:25:08","slug":"about","status":"publish","type":"page","link":"https:\/\/pfipolska.tech\/index.php\/about\/","title":{"rendered":"O nas"},"content":{"rendered":"\n<div id=\"wp-block-themeisle-blocks-advanced-columns-c3397b6c\" class=\"wp-block-themeisle-blocks-advanced-columns alignfull has-1-columns has-desktop-equal-layout has-tablet-equal-layout has-mobile-equal-layout has-vertical-unset\"><div class=\"wp-block-themeisle-blocks-advanced-columns-overlay\"><\/div><div class=\"innerblocks-wrap\">\n<div id=\"wp-block-themeisle-blocks-advanced-column-f1a738cd\" class=\"wp-block-themeisle-blocks-advanced-column\">\n<h1 class=\"wp-block-heading ticss-323b0dc0\">O PFI Polska<\/h1>\n<\/div>\n<\/div><\/div>\n\n\n\n<div id=\"wp-block-themeisle-blocks-advanced-columns-ba35ac10\" class=\"wp-block-themeisle-blocks-advanced-columns alignfull has-2-columns has-desktop-equal-layout has-tablet-collapsedRows-layout has-mobile-collapsedRows-layout has-vertical-unset\"><div class=\"wp-block-themeisle-blocks-advanced-columns-overlay\"><\/div><div class=\"innerblocks-wrap\">\n<div id=\"wp-block-themeisle-blocks-advanced-column-6436fd26\" class=\"wp-block-themeisle-blocks-advanced-column ticss-48ef8f35\">\n<figure class=\"wp-block-image size-large\"><img loading=\"lazy\" decoding=\"async\" width=\"1024\" height=\"936\" src=\"https:\/\/pfipolska.tech\/wp-content\/uploads\/2022\/01\/PFI-Siedziba-1-1024x936.jpg\" alt=\"\" class=\"wp-image-680\" srcset=\"https:\/\/pfipolska.tech\/wp-content\/uploads\/2022\/01\/PFI-Siedziba-1-1024x936.jpg 1024w, https:\/\/pfipolska.tech\/wp-content\/uploads\/2022\/01\/PFI-Siedziba-1-300x274.jpg 300w, https:\/\/pfipolska.tech\/wp-content\/uploads\/2022\/01\/PFI-Siedziba-1-768x702.jpg 768w, https:\/\/pfipolska.tech\/wp-content\/uploads\/2022\/01\/PFI-Siedziba-1.jpg 1098w\" sizes=\"auto, (max-width: 1024px) 100vw, 1024px\" \/><\/figure>\n<\/div>\n\n\n\n<div id=\"wp-block-themeisle-blocks-advanced-column-c5a7861d\" class=\"wp-block-themeisle-blocks-advanced-column ticss-5418d6a3\">\n<h2 class=\"wp-block-heading has-text-color\" style=\"color:#2897a0\"><span style=\"color:#2897a0\" class=\"has-inline-color\">W PFI Polska&#8230;<\/span><\/h2>\n\n\n\n<p>Wsp\u00f3\u0142pracujemy blisko z klientami, aby przyj\u0105\u0107 podej\u015bcie transformacyjne, kt\u00f3rego celem jest przyniesienie korzy\u015bci wszystkim interesariuszom &#8211; umo\u017cliwienie organizacjom rozwoju, budowania trwa\u0142ej przewagi konkurencyjnej i wywierania pozytywnego wp\u0142ywu na spo\u0142ecze\u0144stwo. Nasze zr\u00f3\u017cnicowane, globalne zespo\u0142y z pasj\u0105 uwalniaj\u0105 potencja\u0142 i wprowadzaj\u0105 zmiany, dostarczaj\u0105c zintegrowane rozwi\u0105zania poprzez wiod\u0105ce doradztwo w zakresie zarz\u0105dzania, technologii i projektowania, a tak\u017ce przedsi\u0119wzi\u0119cia korporacyjne i cyfrowe.<\/p>\n<\/div>\n<\/div><\/div>\n\n\n\n<h2 class=\"wp-block-heading\"><span class=\"has-inline-color has-nv-c-2-color\">Jak si\u0119 z nami skontaktowa\u0107?<\/span><\/h2>\n\n\n\n<div id=\"wp-block-themeisle-blocks-advanced-columns-350732b2\" class=\"wp-block-themeisle-blocks-advanced-columns alignfull has-2-columns has-desktop-equal-layout has-tablet-equal-layout has-mobile-collapsedRows-layout has-vertical-unset has-dark-bg\"><div class=\"wp-block-themeisle-blocks-advanced-columns-overlay\"><\/div><div class=\"innerblocks-wrap\">\n<div id=\"wp-block-themeisle-blocks-advanced-column-b9f983d5\" class=\"wp-block-themeisle-blocks-advanced-column\">\n<h3 class=\"wp-block-heading has-nv-text-dark-bg-color has-text-color\">Adres biura<\/h3>\n\n\n\n<p class=\"has-nv-text-dark-bg-color has-text-color\">ul. Kr\u00f3lewska 2\/32, 00-065 Warszawa<\/p>\n\n\n\n<p class=\"wp-block-themeisle-blocks-advanced-heading wp-block-themeisle-blocks-advanced-heading-291a439a has-nv-text-dark-bg-color has-text-color\"><a href=\"https:\/\/pfipolska.tech\/blogger-gb-news\/\">Go to blog<\/a><\/p>\n<\/div>\n\n\n\n<div id=\"wp-block-themeisle-blocks-advanced-column-57d9480e\" class=\"wp-block-themeisle-blocks-advanced-column\">\n<h3 class=\"wp-block-heading has-nv-text-dark-bg-color has-text-color\">Telefon<\/h3>\n\n\n\n<p class=\"has-nv-text-dark-bg-color has-text-color\">+48 (22) 241 46 74<\/p>\n\n\n\n<h3 class=\"wp-block-heading has-nv-text-dark-bg-color has-text-color\">E-mail<\/h3>\n\n\n\n<p class=\"has-nv-text-dark-bg-color has-text-color\">biuro@pfipolska.tech<\/p>\n\n\n\n<p class=\"wp-block-themeisle-blocks-advanced-heading wp-block-themeisle-blocks-advanced-heading-291a439a has-nv-text-dark-bg-color has-text-color\"><a href=\"https:\/\/pfipolska.tech\/blogger-gb-news\/\">Learn More<\/a><\/p>\n<\/div>\n<\/div><\/div>\n\n\n\n<p><\/p>\n","protected":false},"excerpt":{"rendered":"<p>Jak si\u0119 z nami skontaktowa\u0107?<\/p>\n","protected":false},"author":2,"featured_media":0,"parent":0,"menu_order":0,"comment_status":"closed","ping_status":"closed","template":"","meta":{"neve_meta_sidebar":"full-width","neve_meta_container":"","neve_meta_enable_content_width":"on","neve_meta_content_width":100,"neve_meta_title_alignment":"","neve_meta_author_avatar":"","neve_post_elements_order":"","neve_meta_disable_header":"","neve_meta_disable_footer":"","neve_meta_disable_title":"on","_themeisle_gutenberg_block_has_review":false,"footnotes":""},"class_list":["post-375","page","type-page","status-publish","hentry"],"yoast_head":"<!-- This site is optimized with the Yoast SEO plugin v27.6 - https:\/\/yoast.com\/product\/yoast-seo-wordpress\/ -->\n<title>PFI Polska<\/title>\n<meta name=\"description\" content=\"PFI Polska (uprzednio PNO Polska) jest jedn\u0105 z najlepszych firm konsultingowych niemal\u017ce pod ka\u017cdym wzgl\u0119dem.\" \/>\n<meta name=\"robots\" content=\"index, follow, max-snippet:-1, max-image-preview:large, max-video-preview:-1\" \/>\n<link rel=\"canonical\" href=\"https:\/\/pfipolska.tech\/index.php\/about\/\" \/>\n<meta property=\"og:locale\" content=\"pl_PL\" \/>\n<meta property=\"og:type\" content=\"article\" \/>\n<meta property=\"og:title\" content=\"PFI Polska\" \/>\n<meta property=\"og:description\" content=\"PFI Polska (uprzednio PNO Polska) jest jedn\u0105 z najlepszych firm konsultingowych niemal\u017ce pod ka\u017cdym wzgl\u0119dem.\" \/>\n<meta property=\"og:url\" content=\"https:\/\/pfipolska.tech\/index.php\/about\/\" \/>\n<meta property=\"og:site_name\" content=\"PFI Polska\" \/>\n<meta property=\"article:modified_time\" content=\"2025-11-12T18:25:08+00:00\" \/>\n<meta property=\"og:image\" content=\"http:\/\/pfipolska.tech\/wp-content\/uploads\/2022\/01\/PFI-Siedziba-1-1024x936.jpg\" \/>\n<meta name=\"twitter:card\" content=\"summary_large_image\" \/>\n<meta name=\"twitter:label1\" content=\"Szacowany czas czytania\" \/>\n\t<meta name=\"twitter:data1\" content=\"1 minuta\" \/>\n<script type=\"application\/ld+json\" class=\"yoast-schema-graph\">{\"@context\":\"https:\\\/\\\/schema.org\",\"@graph\":[{\"@type\":\"WebPage\",\"@id\":\"https:\\\/\\\/pfipolska.tech\\\/index.php\\\/about\\\/\",\"url\":\"https:\\\/\\\/pfipolska.tech\\\/index.php\\\/about\\\/\",\"name\":\"PFI Polska\",\"isPartOf\":{\"@id\":\"https:\\\/\\\/pfipolska.tech\\\/#website\"},\"primaryImageOfPage\":{\"@id\":\"https:\\\/\\\/pfipolska.tech\\\/index.php\\\/about\\\/#primaryimage\"},\"image\":{\"@id\":\"https:\\\/\\\/pfipolska.tech\\\/index.php\\\/about\\\/#primaryimage\"},\"thumbnailUrl\":\"http:\\\/\\\/pfipolska.tech\\\/wp-content\\\/uploads\\\/2022\\\/01\\\/PFI-Siedziba-1-1024x936.jpg\",\"datePublished\":\"2019-11-26T12:23:06+00:00\",\"dateModified\":\"2025-11-12T18:25:08+00:00\",\"description\":\"PFI Polska (uprzednio PNO Polska) jest jedn\u0105 z najlepszych firm konsultingowych niemal\u017ce pod ka\u017cdym wzgl\u0119dem.\",\"breadcrumb\":{\"@id\":\"https:\\\/\\\/pfipolska.tech\\\/index.php\\\/about\\\/#breadcrumb\"},\"inLanguage\":\"pl-PL\",\"potentialAction\":[{\"@type\":\"ReadAction\",\"target\":[\"https:\\\/\\\/pfipolska.tech\\\/index.php\\\/about\\\/\"]}]},{\"@type\":\"ImageObject\",\"inLanguage\":\"pl-PL\",\"@id\":\"https:\\\/\\\/pfipolska.tech\\\/index.php\\\/about\\\/#primaryimage\",\"url\":\"http:\\\/\\\/pfipolska.tech\\\/wp-content\\\/uploads\\\/2022\\\/01\\\/PFI-Siedziba-1-1024x936.jpg\",\"contentUrl\":\"http:\\\/\\\/pfipolska.tech\\\/wp-content\\\/uploads\\\/2022\\\/01\\\/PFI-Siedziba-1-1024x936.jpg\"},{\"@type\":\"BreadcrumbList\",\"@id\":\"https:\\\/\\\/pfipolska.tech\\\/index.php\\\/about\\\/#breadcrumb\",\"itemListElement\":[{\"@type\":\"ListItem\",\"position\":1,\"name\":\"Strona g\u0142\u00f3wna\",\"item\":\"https:\\\/\\\/pfipolska.tech\\\/\"},{\"@type\":\"ListItem\",\"position\":2,\"name\":\"O nas\"}]},{\"@type\":\"WebSite\",\"@id\":\"https:\\\/\\\/pfipolska.tech\\\/#website\",\"url\":\"https:\\\/\\\/pfipolska.tech\\\/\",\"name\":\"PFI Polska\",\"description\":\"Kolejna witryna oparta na WordPressie\",\"publisher\":{\"@id\":\"https:\\\/\\\/pfipolska.tech\\\/#organization\"},\"alternateName\":\"PFI\",\"potentialAction\":[{\"@type\":\"SearchAction\",\"target\":{\"@type\":\"EntryPoint\",\"urlTemplate\":\"https:\\\/\\\/pfipolska.tech\\\/?s={search_term_string}\"},\"query-input\":{\"@type\":\"PropertyValueSpecification\",\"valueRequired\":true,\"valueName\":\"search_term_string\"}}],\"inLanguage\":\"pl-PL\"},{\"@type\":\"Organization\",\"@id\":\"https:\\\/\\\/pfipolska.tech\\\/#organization\",\"name\":\"PFI POLSKA\",\"alternateName\":\"PFI\",\"url\":\"https:\\\/\\\/pfipolska.tech\\\/\",\"logo\":{\"@type\":\"ImageObject\",\"inLanguage\":\"pl-PL\",\"@id\":\"https:\\\/\\\/pfipolska.tech\\\/#\\\/schema\\\/logo\\\/image\\\/\",\"url\":\"https:\\\/\\\/pfipolska.tech\\\/wp-content\\\/uploads\\\/2021\\\/12\\\/cropped-cropped-kolorLogo-1000x1000-1.png\",\"contentUrl\":\"https:\\\/\\\/pfipolska.tech\\\/wp-content\\\/uploads\\\/2021\\\/12\\\/cropped-cropped-kolorLogo-1000x1000-1.png\",\"width\":512,\"height\":512,\"caption\":\"PFI POLSKA\"},\"image\":{\"@id\":\"https:\\\/\\\/pfipolska.tech\\\/#\\\/schema\\\/logo\\\/image\\\/\"}}]}<\/script>\n<!-- \/ Yoast SEO plugin. -->","yoast_head_json":{"title":"PFI Polska","description":"PFI Polska (uprzednio PNO Polska) jest jedn\u0105 z najlepszych firm konsultingowych niemal\u017ce pod ka\u017cdym wzgl\u0119dem.","robots":{"index":"index","follow":"follow","max-snippet":"max-snippet:-1","max-image-preview":"max-image-preview:large","max-video-preview":"max-video-preview:-1"},"canonical":"https:\/\/pfipolska.tech\/index.php\/about\/","og_locale":"pl_PL","og_type":"article","og_title":"PFI Polska","og_description":"PFI Polska (uprzednio PNO Polska) jest jedn\u0105 z najlepszych firm konsultingowych niemal\u017ce pod ka\u017cdym wzgl\u0119dem.","og_url":"https:\/\/pfipolska.tech\/index.php\/about\/","og_site_name":"PFI Polska","article_modified_time":"2025-11-12T18:25:08+00:00","og_image":[{"url":"http:\/\/pfipolska.tech\/wp-content\/uploads\/2022\/01\/PFI-Siedziba-1-1024x936.jpg","type":"","width":"","height":""}],"twitter_card":"summary_large_image","twitter_misc":{"Szacowany czas czytania":"1 minuta"},"schema":{"@context":"https:\/\/schema.org","@graph":[{"@type":"WebPage","@id":"https:\/\/pfipolska.tech\/index.php\/about\/","url":"https:\/\/pfipolska.tech\/index.php\/about\/","name":"PFI Polska","isPartOf":{"@id":"https:\/\/pfipolska.tech\/#website"},"primaryImageOfPage":{"@id":"https:\/\/pfipolska.tech\/index.php\/about\/#primaryimage"},"image":{"@id":"https:\/\/pfipolska.tech\/index.php\/about\/#primaryimage"},"thumbnailUrl":"http:\/\/pfipolska.tech\/wp-content\/uploads\/2022\/01\/PFI-Siedziba-1-1024x936.jpg","datePublished":"2019-11-26T12:23:06+00:00","dateModified":"2025-11-12T18:25:08+00:00","description":"PFI Polska (uprzednio PNO Polska) jest jedn\u0105 z najlepszych firm konsultingowych niemal\u017ce pod ka\u017cdym wzgl\u0119dem.","breadcrumb":{"@id":"https:\/\/pfipolska.tech\/index.php\/about\/#breadcrumb"},"inLanguage":"pl-PL","potentialAction":[{"@type":"ReadAction","target":["https:\/\/pfipolska.tech\/index.php\/about\/"]}]},{"@type":"ImageObject","inLanguage":"pl-PL","@id":"https:\/\/pfipolska.tech\/index.php\/about\/#primaryimage","url":"http:\/\/pfipolska.tech\/wp-content\/uploads\/2022\/01\/PFI-Siedziba-1-1024x936.jpg","contentUrl":"http:\/\/pfipolska.tech\/wp-content\/uploads\/2022\/01\/PFI-Siedziba-1-1024x936.jpg"},{"@type":"BreadcrumbList","@id":"https:\/\/pfipolska.tech\/index.php\/about\/#breadcrumb","itemListElement":[{"@type":"ListItem","position":1,"name":"Strona g\u0142\u00f3wna","item":"https:\/\/pfipolska.tech\/"},{"@type":"ListItem","position":2,"name":"O nas"}]},{"@type":"WebSite","@id":"https:\/\/pfipolska.tech\/#website","url":"https:\/\/pfipolska.tech\/","name":"PFI Polska","description":"Kolejna witryna oparta na WordPressie","publisher":{"@id":"https:\/\/pfipolska.tech\/#organization"},"alternateName":"PFI","potentialAction":[{"@type":"SearchAction","target":{"@type":"EntryPoint","urlTemplate":"https:\/\/pfipolska.tech\/?s={search_term_string}"},"query-input":{"@type":"PropertyValueSpecification","valueRequired":true,"valueName":"search_term_string"}}],"inLanguage":"pl-PL"},{"@type":"Organization","@id":"https:\/\/pfipolska.tech\/#organization","name":"PFI POLSKA","alternateName":"PFI","url":"https:\/\/pfipolska.tech\/","logo":{"@type":"ImageObject","inLanguage":"pl-PL","@id":"https:\/\/pfipolska.tech\/#\/schema\/logo\/image\/","url":"https:\/\/pfipolska.tech\/wp-content\/uploads\/2021\/12\/cropped-cropped-kolorLogo-1000x1000-1.png","contentUrl":"https:\/\/pfipolska.tech\/wp-content\/uploads\/2021\/12\/cropped-cropped-kolorLogo-1000x1000-1.png","width":512,"height":512,"caption":"PFI POLSKA"},"image":{"@id":"https:\/\/pfipolska.tech\/#\/schema\/logo\/image\/"}}]}},"_links":{"self":[{"href":"https:\/\/pfipolska.tech\/index.php\/wp-json\/wp\/v2\/pages\/375","targetHints":{"allow":["GET"]}}],"collection":[{"href":"https:\/\/pfipolska.tech\/index.php\/wp-json\/wp\/v2\/pages"}],"about":[{"href":"https:\/\/pfipolska.tech\/index.php\/wp-json\/wp\/v2\/types\/page"}],"author":[{"embeddable":true,"href":"https:\/\/pfipolska.tech\/index.php\/wp-json\/wp\/v2\/users\/2"}],"replies":[{"embeddable":true,"href":"https:\/\/pfipolska.tech\/index.php\/wp-json\/wp\/v2\/comments?post=375"}],"version-history":[{"count":8,"href":"https:\/\/pfipolska.tech\/index.php\/wp-json\/wp\/v2\/pages\/375\/revisions"}],"predecessor-version":[{"id":975,"href":"https:\/\/pfipolska.tech\/index.php\/wp-json\/wp\/v2\/pages\/375\/revisions\/975"}],"wp:attachment":[{"href":"https:\/\/pfipolska.tech\/index.php\/wp-json\/wp\/v2\/media?parent=375"}],"curies":[{"name":"wp","href":"https:\/\/api.w.org\/{rel}","templated":true}]}}